{"id":5003,"date":"2015-05-04T11:30:20","date_gmt":"2015-05-04T11:30:20","guid":{"rendered":"https:\/\/ww2.fjeldskaar.com\/?page_id=2"},"modified":"2023-02-19T14:46:34","modified_gmt":"2023-02-19T14:46:34","slug":"hjem","status":"publish","type":"page","link":"http:\/\/www.kilane-slekt.net\/en\/","title":{"rendered":"Hjem"},"content":{"rendered":"<p style=\"text-align: center;\"><span style=\"color: #806239;\"><strong><span style=\"font-family: 'Great Vibes'; font-size: 30pt;\"><span style=\"vertical-align: inherit;\"><span style=\"vertical-align: inherit;\">Introduction<\/span><\/span><\/span><\/strong><\/span><\/p>\n<p><span style=\"color: #f7efd0;\"><span style=\"vertical-align: inherit;\"><span style=\"vertical-align: inherit;\">.<\/span><\/span><\/span><\/p>\n<p style=\"text-align: left;\"><span style=\"font-family: 'book antiqua', palatino; font-size: 13pt;\"><em><span style=\"vertical-align: inherit;\"><span style=\"vertical-align: inherit;\">This is a web site dedicated to the families of <\/span><\/span><span style=\"color: #806239;\"><a style=\"color: #806239;\" href=\"https:\/\/www.kilane-slekt.net\/en\/eiane\/kilane-2\/\"><strong><span style=\"vertical-align: inherit;\"><span style=\"vertical-align: inherit;\">Inger (b. Eiane)<\/span><\/span><\/strong><span style=\"vertical-align: inherit;\"><span style=\"vertical-align: inherit;\"> from J\u00f8senfjorden and <\/span><\/span><strong><span style=\"vertical-align: inherit;\"><span style=\"vertical-align: inherit;\">Johan Kilane<\/span><\/span><\/strong><span style=\"vertical-align: inherit;\"><span style=\"vertical-align: inherit;\"> \u00a0from Erfjord and their ancestors<\/span><\/span><\/a><\/span><span style=\"vertical-align: inherit;\"><span style=\"vertical-align: inherit;\">Although records have been found for the families of Inger and Johan going far back (see the charts below), we start this website, on the Kilane family,<\/span><span style=\"vertical-align: inherit;\">\u00a0with Kari Jonsdtr. <\/span><span style=\"vertical-align: inherit;\">Eiane og \u00d8sten Torgeirson Kilane. <\/span><span style=\"vertical-align: inherit;\">Regarding the Eiane family, we start with<\/span><span style=\"vertical-align: inherit;\">\u00a0Siri Jonsdtr T\u00f8tland (Hauskje) and Jone Gudmundsson Eiane. <\/span><span style=\"vertical-align: inherit;\">Their daughter, Inger, married Johan Kilane in 1894 in America.<\/span><\/span><\/em><\/span><\/p>\n<p><a href=\"https:\/\/www.kilane-slekt.net\/wp-content\/uploads\/2021\/03\/output-onlinepngtools-2021-03-15T135023.128.png\"><img loading=\"lazy\" decoding=\"async\" class=\"aligncenter wp-image-7800\" src=\"https:\/\/www.kilane-slekt.net\/wp-content\/uploads\/2021\/03\/output-onlinepngtools-2021-03-15T135023.128-300x205.png\" alt=\"\" width=\"447\" height=\"305\" srcset=\"https:\/\/www.kilane-slekt.net\/wp-content\/uploads\/2021\/03\/output-onlinepngtools-2021-03-15T135023.128-300x205.png 300w, https:\/\/www.kilane-slekt.net\/wp-content\/uploads\/2021\/03\/output-onlinepngtools-2021-03-15T135023.128-1024x699.png 1024w, https:\/\/www.kilane-slekt.net\/wp-content\/uploads\/2021\/03\/output-onlinepngtools-2021-03-15T135023.128-768x524.png 768w, https:\/\/www.kilane-slekt.net\/wp-content\/uploads\/2021\/03\/output-onlinepngtools-2021-03-15T135023.128-1536x1048.png 1536w, https:\/\/www.kilane-slekt.net\/wp-content\/uploads\/2021\/03\/output-onlinepngtools-2021-03-15T135023.128.png 1782w\" sizes=\"auto, (max-width: 447px) 100vw, 447px\" \/><\/a><\/p>\n<p style=\"text-align: center;\"><span style=\"font-family: 'book antiqua', palatino;\"><span style=\"vertical-align: inherit;\"><span style=\"vertical-align: inherit;\">Johan and Inger Kilane (click to see larger image)<\/span><\/span><\/span><\/p>\n<p><span style=\"font-family: 'book antiqua', palatino; font-size: 13pt;\"><span style=\"vertical-align: inherit;\"><span style=\"vertical-align: inherit;\">Just as important as names and years, it is worth knowing a little about the people's joys and sorrows, hardships and everyday experiences along with a little about life in Norway. We have, therefore, wanted to get to know their everyday life as far as possible: where and how they lived, who they married, how many kids they had, what occupation they had, and tried to put it in a historical context. Inger and Johan was born respectively in<\/span><span style=\"vertical-align: inherit;\"> 1871 and 1861, at a time of major changes in Norwegian history. Parliamentary system of government was introduced, and <\/span><span style=\"vertical-align: inherit;\">the political parties saw the light of day. Local communities were in difficult circumstances in the beginning of the 19. century, because of war and blockade<\/span><span style=\"vertical-align: inherit;\">. Dette ble etterfulgt av en periode med sterk vekst, og med betydelig \u00f8kning i folketallet. Denne trenden ble reversert mot slutten av det 19. \u00e5rhundre. P\u00e5 den tiden fokuserte befolkningen p\u00e5 \u00e5 forbedre levek\u00e5rene. Mange fant at mulighetene til bedre levestandard var st\u00f8rre i Stavanger og i Amerika. I tillegg til lokale\/regionale omstendigheter, opplevde Inger og Johan flere verdensomspennende kriser, bl. a. to verdenskriger, en influensapandemi og en \u00f8konomisk depresjon, som ogs\u00e5 p\u00e5virket deres levnetsl\u00f8p, i st\u00f8rre eller mindre grad.<\/span><\/span><\/span><\/p>\n<p><span style=\"color: #f7efd0; font-size: 14pt;\"><span style=\"vertical-align: inherit;\"><span style=\"vertical-align: inherit;\">.<\/span><\/span><\/span><\/p>\n<p style=\"text-align: center;\"><a href=\"https:\/\/www.kilane-slekt.net\/wp-content\/uploads\/2021\/04\/johanchart4.png\"><img loading=\"lazy\" decoding=\"async\" class=\"alignnone wp-image-8090\" src=\"https:\/\/www.kilane-slekt.net\/wp-content\/uploads\/2021\/04\/johanchart4-300x194.png\" alt=\"\" width=\"294\" height=\"190\" srcset=\"https:\/\/www.kilane-slekt.net\/wp-content\/uploads\/2021\/04\/johanchart4-300x194.png 300w, https:\/\/www.kilane-slekt.net\/wp-content\/uploads\/2021\/04\/johanchart4-1024x661.png 1024w, https:\/\/www.kilane-slekt.net\/wp-content\/uploads\/2021\/04\/johanchart4-768x496.png 768w, https:\/\/www.kilane-slekt.net\/wp-content\/uploads\/2021\/04\/johanchart4-1536x992.png 1536w, https:\/\/www.kilane-slekt.net\/wp-content\/uploads\/2021\/04\/johanchart4-2048x1323.png 2048w\" sizes=\"auto, (max-width: 294px) 100vw, 294px\" \/><\/a> <a href=\"https:\/\/www.kilane-slekt.net\/wp-content\/uploads\/2021\/04\/ingerchart4.png\"><img loading=\"lazy\" decoding=\"async\" class=\"alignnone wp-image-8091\" src=\"https:\/\/www.kilane-slekt.net\/wp-content\/uploads\/2021\/04\/ingerchart4-300x198.png\" alt=\"\" width=\"288\" height=\"190\" srcset=\"https:\/\/www.kilane-slekt.net\/wp-content\/uploads\/2021\/04\/ingerchart4-300x198.png 300w, https:\/\/www.kilane-slekt.net\/wp-content\/uploads\/2021\/04\/ingerchart4-1024x676.png 1024w, https:\/\/www.kilane-slekt.net\/wp-content\/uploads\/2021\/04\/ingerchart4-768x507.png 768w, https:\/\/www.kilane-slekt.net\/wp-content\/uploads\/2021\/04\/ingerchart4-1536x1014.png 1536w, https:\/\/www.kilane-slekt.net\/wp-content\/uploads\/2021\/04\/ingerchart4-2048x1352.png 2048w\" sizes=\"auto, (max-width: 288px) 100vw, 288px\" \/><\/a><\/p>\n<p style=\"text-align: center;\"><span style=\"font-family: 'book antiqua', palatino; font-size: 12pt; color: #806239;\"><span style=\"vertical-align: inherit;\"><span style=\"vertical-align: inherit;\">Ancestors of Inger and Johan (click to see the better resolution); design by FamilySearch<\/span><\/span><\/span><\/p>\n<p style=\"text-align: center;\"><span style=\"color: #f7efd0;\"><span style=\"vertical-align: inherit;\"><span style=\"vertical-align: inherit;\">.<\/span><\/span><\/span><\/p>\n<p style=\"text-align: center;\"><span style=\"color: #806239; font-family: 'book antiqua', palatino; font-size: 13pt;\"><strong><span style=\"vertical-align: inherit;\"><span style=\"vertical-align: inherit;\">Use the links below to follow Inger and Johan's families in text and photos<\/span><\/span><\/strong><\/span><\/p>\n<p style=\"text-align: center;\"><span style=\"color: #f7efd0;\"><strong><span style=\"vertical-align: inherit;\"><span style=\"vertical-align: inherit;\">.\u00a0<\/span><\/span><\/strong><\/span><\/p>\n<h2 style=\"text-align: center; padding-left: 120px;\"><span style=\"color: #806239;\"><strong><span style=\"font-size: 28pt;\"><a href=\"http:\/\/www.kilane-slekt.net\/en\/kilane-2\/\"><span style=\"font-family: 'Great Vibes'; color: #806239;\"><span style=\"vertical-align: inherit;\"><span style=\"vertical-align: inherit;\">Kilane<\/span><\/span><\/span><\/a><span style=\"font-family: 'Great Vibes'; color: #806239;\"><span style=\"vertical-align: inherit;\"><span style=\"vertical-align: inherit;\">\u00a0 \u00a0 \u00a0 \u00a0 \u00a0 \u00a0 \u00a0 \u00a0 \u00a0 \u00a0 <\/span><\/span><\/span><span style=\"vertical-align: inherit;\"><span style=\"font-family: 'Great Vibes';\"><span style=\"color: #806239;\"><a style=\"color: #806239;\" href=\"http:\/\/www.kilane-slekt.net\/en\/eiane\/\"><span style=\"vertical-align: inherit;\">Eiane<\/span><\/a><\/span><\/span><\/span><span style=\"font-family: 'Great Vibes';\">\u00a0 \u00a0 \u00a0 \u00a0 \u00a0 \u00a0 \u00a0 \u00a0 \u00a0 \u00a0 \u00a0 \u00a0 \u00a0\u00a0<\/span><\/span><\/strong><\/span><\/h2>\n<p>&nbsp;<\/p>\n<p>&nbsp;<\/p>\n<p style=\"text-align: center;\"><span style=\"font-size: 10pt;\"><em>Responsible for these pages is Willy Fjeldskaar, married to Torbj\u00f8rg (b. Kilane) a grandchild of Inger and Johan.<\/em><\/span><\/p>\n<p><span style=\"color: #f7efd0;\"><span style=\"vertical-align: inherit;\"><span style=\"vertical-align: inherit;\">.<\/span><\/span><\/span><\/p>\n<p>&nbsp;<\/p>\n<p style=\"text-align: center;\"><span style=\"font-size: 13pt;\"><span style=\"vertical-align: inherit;\"><span style=\"vertical-align: inherit;\">Siste oppdatering 05.02.2023 <\/span><\/span><\/span><span style=\"color: #f7efd0;\"><span style=\"font-size: 14pt;\"><span style=\"vertical-align: inherit;\"><span style=\"vertical-align: inherit;\">. <\/span><\/span><\/span><br \/>\n<span style=\"color: #d6a25a; font-size: 10pt;\"><span style=\"vertical-align: inherit;\"><span style=\"vertical-align: inherit;\">Website created 15.03.2021<\/span><\/span><\/span><br \/>\n<\/span><\/p>\n<p style=\"text-align: center;\">Mer informasjon her:<\/p>\n<p style=\"text-align: center;\"><span style=\"color: #333300;\"><a style=\"color: #333300;\" href=\"https:\/\/ww2.fjeldskaar.com\"><span style=\"font-size: 14pt;\"><strong>ww2.fjeldskaar.com<\/strong><\/span><\/a><\/span><\/p>\n<p>&nbsp;<\/p>\n<p><a href=\"http:\/\/www.kilane-slekt.net\/en\/gamlestava\/\"><img loading=\"lazy\" decoding=\"async\" class=\"aligncenter wp-image-8525 size-full\" src=\"https:\/\/www.kilane-slekt.net\/wp-content\/uploads\/2022\/11\/kila.png\" alt=\"\" width=\"452\" height=\"291\" srcset=\"https:\/\/www.kilane-slekt.net\/wp-content\/uploads\/2022\/11\/kila.png 452w, https:\/\/www.kilane-slekt.net\/wp-content\/uploads\/2022\/11\/kila-300x193.png 300w, https:\/\/www.kilane-slekt.net\/wp-content\/uploads\/2022\/11\/kila-18x12.png 18w\" sizes=\"auto, (max-width: 452px) 100vw, 452px\" \/><\/a><\/p>\n<p style=\"text-align: center;\"><strong><em>&laquo;Gamlest\u00e5va&raquo;<\/em><\/strong><\/p>\n<div class=\"pdfprnt-buttons pdfprnt-buttons-page pdfprnt-bottom-right\"><a href=\"http:\/\/www.kilane-slekt.net\/en\/wp-json\/wp\/v2\/pages\/5003?print=print\" class=\"pdfprnt-button pdfprnt-button-print\" target=\"_blank\"><img decoding=\"async\" src=\"https:\/\/www.kilane-slekt.net\/wp-content\/plugins\/pdf-print\/images\/print.png\" alt=\"image_print\" title=\"Print Content\" \/><span class=\"pdfprnt-button-title pdfprnt-button-print-title\">print<\/span><\/a><\/div>","protected":false},"excerpt":{"rendered":"<p>Innledning . Dette er en nettside som har fokus p\u00e5 slektene til Inger (f. Eiane) fra J\u00f8senfjorden og Johan Kilane \u00a0fra Erfjord. Selv om vi kjenner Inger og Johans slekter langt tilbake (se anetavlene lenger ned), s\u00e5 starter disse nettsidene, n\u00e5r det gjelder Kilane-slekten, med\u00a0Kari Jonsdtr. Eiane og \u00d8sten Torgeirson Kilane. N\u00e5r det gjelder Eiane-slekten. [&hellip;]<\/p>","protected":false},"author":1,"featured_media":0,"parent":0,"menu_order":0,"comment_status":"closed","ping_status":"open","template":"","meta":{"footnotes":""},"class_list":["post-5003","page","type-page","status-publish","hentry"],"jetpack_sharing_enabled":true,"_links":{"self":[{"href":"http:\/\/www.kilane-slekt.net\/en\/wp-json\/wp\/v2\/pages\/5003","targetHints":{"allow":["GET"]}}],"collection":[{"href":"http:\/\/www.kilane-slekt.net\/en\/wp-json\/wp\/v2\/pages"}],"about":[{"href":"http:\/\/www.kilane-slekt.net\/en\/wp-json\/wp\/v2\/types\/page"}],"author":[{"embeddable":true,"href":"http:\/\/www.kilane-slekt.net\/en\/wp-json\/wp\/v2\/users\/1"}],"replies":[{"embeddable":true,"href":"http:\/\/www.kilane-slekt.net\/en\/wp-json\/wp\/v2\/comments?post=5003"}],"version-history":[{"count":127,"href":"http:\/\/www.kilane-slekt.net\/en\/wp-json\/wp\/v2\/pages\/5003\/revisions"}],"predecessor-version":[{"id":8958,"href":"http:\/\/www.kilane-slekt.net\/en\/wp-json\/wp\/v2\/pages\/5003\/revisions\/8958"}],"wp:attachment":[{"href":"http:\/\/www.kilane-slekt.net\/en\/wp-json\/wp\/v2\/media?parent=5003"}],"curies":[{"name":"wp","href":"https:\/\/api.w.org\/{rel}","templated":true}]}}