{"id":8275,"date":"2021-05-17T10:59:20","date_gmt":"2021-05-17T10:59:20","guid":{"rendered":"https:\/\/www.kilane-slekt.net\/?page_id=8275"},"modified":"2021-05-17T11:18:14","modified_gmt":"2021-05-17T11:18:14","slug":"familysearch","status":"publish","type":"page","link":"http:\/\/www.kilane-slekt.net\/en\/hjem\/bildebehandling\/familysearch\/","title":{"rendered":"FamilySearch"},"content":{"rendered":"<p style=\"text-align: center;\"><span style=\"color: #806239;\"><strong><span style=\"font-size: 30pt; font-family: 'Great Vibes';\">FamilySearch<\/span><\/strong><\/span><\/p>\n<p><span style=\"color: #f7efd0;\">.<\/span><\/p>\n<p><a href=\"https:\/\/www.familysearch.org\/\"><img loading=\"lazy\" decoding=\"async\" class=\"alignleft wp-image-8276 size-medium\" src=\"https:\/\/www.kilane-slekt.net\/wp-content\/uploads\/2021\/05\/download-12-300x115.png\" alt=\"\" width=\"300\" height=\"115\" srcset=\"https:\/\/www.kilane-slekt.net\/wp-content\/uploads\/2021\/05\/download-12-300x115.png 300w, https:\/\/www.kilane-slekt.net\/wp-content\/uploads\/2021\/05\/download-12.png 500w\" sizes=\"auto, (max-width: 300px) 100vw, 300px\" \/><\/a>FamilySearch has been a very useful tool in the work with Kilane family. Here you can enter data about their own family, and avail themselves of relevant family history research performed by others or by the entries made by FamilySearch (from parish registers or census). When it comes to Kilane-genus, it may be referred to the Indexing for more details in the strain history. Here is the stored data about the year of birth, creator, marriage, slektsrelasjoner, and also data about slektshistorien further back than that which has been our main focus on this website.<\/p>\n<p>FamilySearch is a nonprofit genealogical organization to a significant extent driven by the voluntary work. The organization sponsored by the Church of Jesus Christ of Latter-Day Saints (mormon church). They have since the end of the 1800s used the large financial and human resources to build up the family history library which makes genealogical sources available free to the public. The main library in Salt Lake City, &#034;the Family History Library&#034;, is the world&#039;s largest family history library.<\/p>\n<p>It is free to register and free to be use on FamilySearch. You need to sign in to take advantage of the resources in the FamilySearch (press on the logo above). To log on, one needs only a minimum of personal information, an email address, a username and a password of your choice. Commercial family history actors require payment for their services, while Indexing their resources are free.<\/p>\n<p>There are several types of viewing on a family pedigrees, either the traditional \u2013 sideways (landscape) or vertical (portrait) or a vifteformet tablet (fan chart) as it is pretty prints. Examples of these below:<\/p>\n<p style=\"text-align: center;\"><a href=\"https:\/\/www.kilane-slekt.net\/wp-content\/uploads\/2021\/05\/kila.png\"><img loading=\"lazy\" decoding=\"async\" class=\"alignnone wp-image-8283\" src=\"https:\/\/www.kilane-slekt.net\/wp-content\/uploads\/2021\/05\/kila-300x300.png\" alt=\"\" width=\"500\" height=\"499\" srcset=\"https:\/\/www.kilane-slekt.net\/wp-content\/uploads\/2021\/05\/kila-300x300.png 300w, https:\/\/www.kilane-slekt.net\/wp-content\/uploads\/2021\/05\/kila-150x150.png 150w, https:\/\/www.kilane-slekt.net\/wp-content\/uploads\/2021\/05\/kila-768x767.png 768w, https:\/\/www.kilane-slekt.net\/wp-content\/uploads\/2021\/05\/kila.png 850w\" sizes=\"auto, (max-width: 500px) 100vw, 500px\" \/><\/a><\/p>\n<p style=\"text-align: center;\">Example of &#034;Portrait pedigree&#034;<\/p>\n<p style=\"text-align: center;\"><a href=\"https:\/\/www.kilane-slekt.net\/wp-content\/uploads\/2021\/05\/eia.png\"><img loading=\"lazy\" decoding=\"async\" class=\"alignnone wp-image-8285\" src=\"https:\/\/www.kilane-slekt.net\/wp-content\/uploads\/2021\/05\/eia-300x188.png\" alt=\"\" width=\"550\" height=\"345\" srcset=\"https:\/\/www.kilane-slekt.net\/wp-content\/uploads\/2021\/05\/eia-300x188.png 300w, https:\/\/www.kilane-slekt.net\/wp-content\/uploads\/2021\/05\/eia-1024x643.png 1024w, https:\/\/www.kilane-slekt.net\/wp-content\/uploads\/2021\/05\/eia-768x482.png 768w, https:\/\/www.kilane-slekt.net\/wp-content\/uploads\/2021\/05\/eia-1536x964.png 1536w, https:\/\/www.kilane-slekt.net\/wp-content\/uploads\/2021\/05\/eia.png 1555w\" sizes=\"auto, (max-width: 550px) 100vw, 550px\" \/><\/a><\/p>\n<p style=\"text-align: center;\">Example of the &#034;Fan chart&#034;<\/p>\n<p>&nbsp;<\/p>\n<p>&nbsp;<\/p>\n<div class=\"pdfprnt-buttons pdfprnt-buttons-page pdfprnt-bottom-right\"><a href=\"http:\/\/www.kilane-slekt.net\/en\/wp-json\/wp\/v2\/pages\/8275?print=print\" class=\"pdfprnt-button pdfprnt-button-print\" target=\"_blank\"><img decoding=\"async\" src=\"https:\/\/www.kilane-slekt.net\/wp-content\/plugins\/pdf-print\/images\/print.png\" alt=\"image_print\" title=\"Print Content\" \/><span class=\"pdfprnt-button-title pdfprnt-button-print-title\">print<\/span><\/a><\/div>","protected":false},"excerpt":{"rendered":"<p>FamilySearch . I arbeidet med Kilane-slekten, har FamilySearch v\u00e6rt et sv\u00e6rt nyttig verkt\u00f8y. Her kan man legge inn data om sin egen slekt, og nytte seg av relevant slektsforskning utf\u00f8rt av andre eller av registreringer gjort av FamilySearch (fra kirkeb\u00f8ker eller folketellinger). N\u00e5r det gjelder Kilane-slekten, kan det henvises til\u00a0 FamilySearch for flere detaljer i [&hellip;]<\/p>","protected":false},"author":1,"featured_media":0,"parent":8257,"menu_order":60,"comment_status":"closed","ping_status":"closed","template":"","meta":{"footnotes":""},"class_list":["post-8275","page","type-page","status-publish","hentry"],"jetpack_sharing_enabled":true,"_links":{"self":[{"href":"http:\/\/www.kilane-slekt.net\/en\/wp-json\/wp\/v2\/pages\/8275","targetHints":{"allow":["GET"]}}],"collection":[{"href":"http:\/\/www.kilane-slekt.net\/en\/wp-json\/wp\/v2\/pages"}],"about":[{"href":"http:\/\/www.kilane-slekt.net\/en\/wp-json\/wp\/v2\/types\/page"}],"author":[{"embeddable":true,"href":"http:\/\/www.kilane-slekt.net\/en\/wp-json\/wp\/v2\/users\/1"}],"replies":[{"embeddable":true,"href":"http:\/\/www.kilane-slekt.net\/en\/wp-json\/wp\/v2\/comments?post=8275"}],"version-history":[{"count":4,"href":"http:\/\/www.kilane-slekt.net\/en\/wp-json\/wp\/v2\/pages\/8275\/revisions"}],"predecessor-version":[{"id":8287,"href":"http:\/\/www.kilane-slekt.net\/en\/wp-json\/wp\/v2\/pages\/8275\/revisions\/8287"}],"up":[{"embeddable":true,"href":"http:\/\/www.kilane-slekt.net\/en\/wp-json\/wp\/v2\/pages\/8257"}],"wp:attachment":[{"href":"http:\/\/www.kilane-slekt.net\/en\/wp-json\/wp\/v2\/media?parent=8275"}],"curies":[{"name":"wp","href":"https:\/\/api.w.org\/{rel}","templated":true}]}}