{"id":8275,"date":"2021-05-17T10:59:20","date_gmt":"2021-05-17T10:59:20","guid":{"rendered":"https:\/\/www.kilane-slekt.net\/?page_id=8275"},"modified":"2021-05-17T11:18:14","modified_gmt":"2021-05-17T11:18:14","slug":"familysearch","status":"publish","type":"page","link":"http:\/\/www.kilane-slekt.net\/nb_no\/hjem\/bildebehandling\/familysearch\/","title":{"rendered":"FamilySearch"},"content":{"rendered":"<p style=\"text-align: center;\"><span style=\"color: #806239;\"><strong><span style=\"font-size: 30pt; font-family: 'Great Vibes';\">FamilySearch<\/span><\/strong><\/span><\/p>\n<p><span style=\"color: #f7efd0;\">.<\/span><\/p>\n<p><a href=\"https:\/\/www.familysearch.org\/\"><img loading=\"lazy\" decoding=\"async\" class=\"alignleft wp-image-8276 size-medium\" src=\"https:\/\/www.kilane-slekt.net\/wp-content\/uploads\/2021\/05\/download-12-300x115.png\" alt=\"\" width=\"300\" height=\"115\" srcset=\"https:\/\/www.kilane-slekt.net\/wp-content\/uploads\/2021\/05\/download-12-300x115.png 300w, https:\/\/www.kilane-slekt.net\/wp-content\/uploads\/2021\/05\/download-12.png 500w\" sizes=\"auto, (max-width: 300px) 100vw, 300px\" \/><\/a>I arbeidet med Kilane-slekten, har FamilySearch v\u00e6rt et sv\u00e6rt nyttig verkt\u00f8y. Her kan man legge inn data om sin egen slekt, og nytte seg av relevant slektsforskning utf\u00f8rt av andre eller av registreringer gjort av FamilySearch (fra kirkeb\u00f8ker eller folketellinger). N\u00e5r det gjelder Kilane-slekten, kan det henvises til\u00a0 FamilySearch for flere detaljer i slektens historie. Her ligger lagret mer data om f\u00f8dsels\u00e5r, d\u00f8ds\u00e5r, gifterm\u00e5l, slektsrelasjoner, og ogs\u00e5 data om slektshistorien lenger tilbake enn det som har v\u00e6rt v\u00e5rt hovedfokus p\u00e5 dette nettstedet.<\/p>\n<p>FamilySearch er en ideell genealogisk organisasjon som i vesentlig utstrekning drives gjennom frivillig arbeid. Organisasjonen sponses av Jesu Kristi Kirke av Siste Dagers Hellige (Mormonkirken). De har siden slutten av 1800-tallet brukt store \u00f8konomiske og menneskelige ressurser for \u00e5 bygge opp slektshistoriske bibliotek som gj\u00f8r genealogiske kilder tilgjengelig gratis for publikum. Hovedbiblioteket i Salt Lake City, \u00abFamily History Library\u00bb, er verdens st\u00f8rste slektshistoriske bibliotek.<\/p>\n<p>Det er gratis \u00e5 registrere seg og gratis \u00e5 v\u00e6re bruker p\u00e5 FamilySearch. Man trenger \u00e5 logge seg p\u00e5 for \u00e5 benytte seg av ressursene i FamilySearch (trykk p\u00e5 logoen ovenfor). For \u00e5 logge seg p\u00e5, trenger man bare minimalt med personopplysninger, en email adresse, et brukernavn og et selvvalgt passord. Kommersielle slektshistoriske akt\u00f8rer krever betaling for sine tjenester, mens FamilySearch sine ressurser er gratis.<\/p>\n<p>Det finnes flere typer visning p\u00e5 slektstr\u00e6r, enten den tradisjonelle \u2013 sidelengs \u00a0(landscape) eller vertikal (portrait) \u2013 eller en vifteformet tavle (fan chart) som det blir pene utskrifter av. Eksempler p\u00e5 disse nedenfor:<\/p>\n<p style=\"text-align: center;\"><a href=\"https:\/\/www.kilane-slekt.net\/wp-content\/uploads\/2021\/05\/kila.png\"><img loading=\"lazy\" decoding=\"async\" class=\"alignnone wp-image-8283\" src=\"https:\/\/www.kilane-slekt.net\/wp-content\/uploads\/2021\/05\/kila-300x300.png\" alt=\"\" width=\"500\" height=\"499\" srcset=\"https:\/\/www.kilane-slekt.net\/wp-content\/uploads\/2021\/05\/kila-300x300.png 300w, https:\/\/www.kilane-slekt.net\/wp-content\/uploads\/2021\/05\/kila-150x150.png 150w, https:\/\/www.kilane-slekt.net\/wp-content\/uploads\/2021\/05\/kila-768x767.png 768w, https:\/\/www.kilane-slekt.net\/wp-content\/uploads\/2021\/05\/kila.png 850w\" sizes=\"auto, (max-width: 500px) 100vw, 500px\" \/><\/a><\/p>\n<p style=\"text-align: center;\">Eksempel p\u00e5 &laquo;Portrait pedigree&raquo;<\/p>\n<p style=\"text-align: center;\"><a href=\"https:\/\/www.kilane-slekt.net\/wp-content\/uploads\/2021\/05\/eia.png\"><img loading=\"lazy\" decoding=\"async\" class=\"alignnone wp-image-8285\" src=\"https:\/\/www.kilane-slekt.net\/wp-content\/uploads\/2021\/05\/eia-300x188.png\" alt=\"\" width=\"550\" height=\"345\" srcset=\"https:\/\/www.kilane-slekt.net\/wp-content\/uploads\/2021\/05\/eia-300x188.png 300w, https:\/\/www.kilane-slekt.net\/wp-content\/uploads\/2021\/05\/eia-1024x643.png 1024w, https:\/\/www.kilane-slekt.net\/wp-content\/uploads\/2021\/05\/eia-768x482.png 768w, https:\/\/www.kilane-slekt.net\/wp-content\/uploads\/2021\/05\/eia-1536x964.png 1536w, https:\/\/www.kilane-slekt.net\/wp-content\/uploads\/2021\/05\/eia.png 1555w\" sizes=\"auto, (max-width: 550px) 100vw, 550px\" \/><\/a><\/p>\n<p style=\"text-align: center;\">Eksempel p\u00e5 &laquo;Fan chart&raquo;<\/p>\n<p>&nbsp;<\/p>\n<p>&nbsp;<\/p>\n<div class=\"pdfprnt-buttons pdfprnt-buttons-page pdfprnt-bottom-right\"><a href=\"http:\/\/www.kilane-slekt.net\/nb_no\/wp-json\/wp\/v2\/pages\/8275?print=print\" class=\"pdfprnt-button pdfprnt-button-print\" target=\"_blank\"><img decoding=\"async\" src=\"https:\/\/www.kilane-slekt.net\/wp-content\/plugins\/pdf-print\/images\/print.png\" alt=\"image_print\" title=\"Print Content\" \/><span class=\"pdfprnt-button-title pdfprnt-button-print-title\">print<\/span><\/a><\/div>","protected":false},"excerpt":{"rendered":"<p>FamilySearch . I arbeidet med Kilane-slekten, har FamilySearch v\u00e6rt et sv\u00e6rt nyttig verkt\u00f8y. Her kan man legge inn data om sin egen slekt, og nytte seg av relevant slektsforskning utf\u00f8rt av andre eller av registreringer gjort av FamilySearch (fra kirkeb\u00f8ker eller folketellinger). N\u00e5r det gjelder Kilane-slekten, kan det henvises til\u00a0 FamilySearch for flere detaljer i [&hellip;]<\/p>\n","protected":false},"author":1,"featured_media":0,"parent":8257,"menu_order":60,"comment_status":"closed","ping_status":"closed","template":"","meta":{"footnotes":""},"class_list":["post-8275","page","type-page","status-publish","hentry"],"jetpack_sharing_enabled":true,"_links":{"self":[{"href":"http:\/\/www.kilane-slekt.net\/nb_no\/wp-json\/wp\/v2\/pages\/8275","targetHints":{"allow":["GET"]}}],"collection":[{"href":"http:\/\/www.kilane-slekt.net\/nb_no\/wp-json\/wp\/v2\/pages"}],"about":[{"href":"http:\/\/www.kilane-slekt.net\/nb_no\/wp-json\/wp\/v2\/types\/page"}],"author":[{"embeddable":true,"href":"http:\/\/www.kilane-slekt.net\/nb_no\/wp-json\/wp\/v2\/users\/1"}],"replies":[{"embeddable":true,"href":"http:\/\/www.kilane-slekt.net\/nb_no\/wp-json\/wp\/v2\/comments?post=8275"}],"version-history":[{"count":4,"href":"http:\/\/www.kilane-slekt.net\/nb_no\/wp-json\/wp\/v2\/pages\/8275\/revisions"}],"predecessor-version":[{"id":8287,"href":"http:\/\/www.kilane-slekt.net\/nb_no\/wp-json\/wp\/v2\/pages\/8275\/revisions\/8287"}],"up":[{"embeddable":true,"href":"http:\/\/www.kilane-slekt.net\/nb_no\/wp-json\/wp\/v2\/pages\/8257"}],"wp:attachment":[{"href":"http:\/\/www.kilane-slekt.net\/nb_no\/wp-json\/wp\/v2\/media?parent=8275"}],"curies":[{"name":"wp","href":"https:\/\/api.w.org\/{rel}","templated":true}]}}