{"id":486,"date":"2015-05-12T16:27:25","date_gmt":"2015-05-12T16:27:25","guid":{"rendered":"https:\/\/ww2.fjeldskaar.com\/?page_id=486"},"modified":"2022-12-20T17:27:04","modified_gmt":"2022-12-20T17:27:04","slug":"torger","status":"publish","type":"page","link":"https:\/\/www.kilane-slekt.net\/en\/kilane-2-2\/torger\/","title":{"rendered":"Torger"},"content":{"rendered":"<h1 style=\"text-align: center;\"><span style=\"color: #806239; font-size: 30pt; font-family: 'Great Vibes';\">Torger Kilane<\/span><\/h1>\n<p style=\"text-align: center;\"><strong><span style=\"color: #333333; font-size: 14pt;\">15.12.1909-11.05.1978<\/span><\/strong><\/p>\n<p style=\"text-align: center;\"><a href=\"https:\/\/www.kilane-slekt.net\/wp-content\/uploads\/2021\/05\/torger8-scaled.jpg\"><img loading=\"lazy\" decoding=\"async\" class=\"alignnone wp-image-8252\" src=\"https:\/\/www.kilane-slekt.net\/wp-content\/uploads\/2021\/05\/torger8-261x300.jpg\" alt=\"\" width=\"461\" height=\"530\" srcset=\"https:\/\/www.kilane-slekt.net\/wp-content\/uploads\/2021\/05\/torger8-261x300.jpg 261w, https:\/\/www.kilane-slekt.net\/wp-content\/uploads\/2021\/05\/torger8-890x1024.jpg 890w, https:\/\/www.kilane-slekt.net\/wp-content\/uploads\/2021\/05\/torger8-768x884.jpg 768w, https:\/\/www.kilane-slekt.net\/wp-content\/uploads\/2021\/05\/torger8-1335x1536.jpg 1335w, https:\/\/www.kilane-slekt.net\/wp-content\/uploads\/2021\/05\/torger8-1780x2048.jpg 1780w\" sizes=\"auto, (max-width: 461px) 100vw, 461px\" \/><\/a><\/p>\n<p style=\"text-align: center;\"><span style=\"color: #333333;\">Torger. Trykk p\u00e5 bildet for \u00e5 se stor st\u00f8rrelse.<\/span><\/p>\n<p><span style=\"color: #f7efd0;\">.<\/span><\/p>\n<p style=\"text-align: center;\"><span style=\"color: #f7efd0;\">.<a href=\"https:\/\/www.kilane-slekt.net\/en\/eiane\/kilane-2\/torger\/torger-album\/\"><img loading=\"lazy\" decoding=\"async\" class=\"alignnone wp-image-8049 size-medium\" src=\"https:\/\/www.kilane-slekt.net\/wp-content\/uploads\/2021\/03\/album-300x150.png\" alt=\"\" width=\"300\" height=\"150\" srcset=\"https:\/\/www.kilane-slekt.net\/wp-content\/uploads\/2021\/03\/album-300x150.png 300w, https:\/\/www.kilane-slekt.net\/wp-content\/uploads\/2021\/03\/album.png 600w\" sizes=\"auto, (max-width: 300px) 100vw, 300px\" \/><\/a><\/span><\/p>\n<p><span style=\"color: #f7efd0;\">.<\/span><\/p>\n<p><span style=\"color: #f7efd0;\">.<\/span><\/p>\n<p style=\"text-align: center;\"><a href=\"https:\/\/ww2.fjeldskaar.com\/wp-content\/uploads\/2020\/11\/torgK3.png\"><img loading=\"lazy\" decoding=\"async\" class=\"alignnone wp-image-8075\" src=\"https:\/\/ww2.fjeldskaar.com\/wp-content\/uploads\/2020\/11\/torgK3.png\" alt=\"\" width=\"669\" height=\"430\" \/><\/a><\/p>\n<p style=\"text-align: center;\"><span style=\"color: #333333;\">Torger sine foreldre og besteforeldre (trykk for \u00e5 se st\u00f8rre bilde)<\/span><\/p>\n<p><span style=\"color: #f7efd0;\">.<\/span><\/p>\n<p><a href=\"https:\/\/www.kilane-slekt.net\/wp-content\/uploads\/2022\/12\/osten.png\"><img loading=\"lazy\" decoding=\"async\" class=\"aligncenter wp-image-8552\" src=\"https:\/\/www.kilane-slekt.net\/wp-content\/uploads\/2022\/12\/osten-160x300.png\" alt=\"\" width=\"300\" height=\"563\" srcset=\"https:\/\/www.kilane-slekt.net\/wp-content\/uploads\/2022\/12\/osten-160x300.png 160w, https:\/\/www.kilane-slekt.net\/wp-content\/uploads\/2022\/12\/osten-6x12.png 6w, https:\/\/www.kilane-slekt.net\/wp-content\/uploads\/2022\/12\/osten.png 266w\" sizes=\"auto, (max-width: 300px) 100vw, 300px\" \/><\/a><\/p>\n<p>&nbsp;<\/p>\n<p><span style=\"color: #333333;\"><img loading=\"lazy\" decoding=\"async\" class=\"aligncenter\" src=\"https:\/\/ww2.fjeldskaar.com\/wp-content\/uploads\/2015\/05\/torger.jpg\" alt=\"torger\" width=\"450\" height=\"347\" \/><\/span><\/p>\n<p style=\"text-align: center;\"><span style=\"color: #333333;\"><a style=\"color: #333333;\" href=\"https:\/\/ww2.fjeldskaar.com\/wp-content\/uploads\/2015\/05\/fjellhCC.jpg\"><img loading=\"lazy\" decoding=\"async\" src=\"https:\/\/ww2.fjeldskaar.com\/wp-content\/uploads\/2015\/05\/fjellhCC.jpg\" alt=\"fjellhCC\" width=\"600\" height=\"456\" \/><\/a><\/span><\/p>\n<p style=\"text-align: center;\"><span style=\"color: #333333;\">Torger gikk p\u00e5 Fjellhaug skoler v\u00e5ren 1933; p\u00e5 bildet er han nr 2 fra h\u00f8yre i 3. rad. B\u00e5de Ludvig Hope og Trygve Bjerkrheim var blant l\u00e6rerne.<\/span><\/p>\n<p style=\"text-align: center;\"><span style=\"color: #333333;\"><a style=\"color: #333333;\" href=\"https:\/\/ww2.fjeldskaar.com\/wp-content\/uploads\/2015\/05\/torger2-1.jpg\"><img loading=\"lazy\" decoding=\"async\" src=\"https:\/\/ww2.fjeldskaar.com\/wp-content\/uploads\/2015\/05\/torger2-1.jpg\" alt=\"\" width=\"254\" height=\"431\" \/><\/a><\/span><\/p>\n<p style=\"text-align: center;\"><span style=\"color: #333333;\"><img loading=\"lazy\" decoding=\"async\" class=\"alignnone size-full wp-image-8068\" src=\"https:\/\/ww2.fjeldskaar.com\/wp-content\/uploads\/2020\/11\/torgK.png\" alt=\"\" width=\"206\" height=\"257\" \/>\u00a0 \u00a0<img loading=\"lazy\" decoding=\"async\" class=\"alignnone size-full wp-image-8070\" src=\"https:\/\/ww2.fjeldskaar.com\/wp-content\/uploads\/2020\/11\/torgK2.png\" alt=\"\" width=\"181\" height=\"306\" \/><\/span><\/p>\n<p style=\"text-align: center;\"><span style=\"color: #333333;\">\u00a0<img loading=\"lazy\" decoding=\"async\" src=\"https:\/\/ww2.fjeldskaar.com\/wp-content\/uploads\/2015\/05\/magda5.jpg\" alt=\"\" width=\"400\" height=\"633\" \/><\/span><br \/>\n<span style=\"color: #333333;\"><em>Torger traff Magda Larsen fra Tasta, og de giftet seg i 1941<\/em><\/span><\/p>\n<p style=\"text-align: center;\"><span style=\"color: #333333;\">\u00a0 \u00a0 <img loading=\"lazy\" decoding=\"async\" src=\"https:\/\/ww2.fjeldskaar.com\/wp-content\/uploads\/2015\/05\/File0019b.jpg\" alt=\"File0019b\" width=\"400\" height=\"228\" \/>\u00a0 \u00a0\u00a0<img loading=\"lazy\" decoding=\"async\" src=\"https:\/\/ww2.fjeldskaar.com\/wp-content\/uploads\/2015\/05\/File0022b.jpg\" alt=\"File0022b\" width=\"350\" height=\"232\" \/><\/span><\/p>\n<p style=\"text-align: center;\"><span style=\"color: #333333;\"><img loading=\"lazy\" decoding=\"async\" src=\"https:\/\/ww2.fjeldskaar.com\/wp-content\/uploads\/2015\/05\/lysing13okt41.png\" alt=\"lysing13okt41\" width=\"331\" height=\"106\" \/><\/span><\/p>\n<p style=\"text-align: center;\"><span style=\"color: #333333;\">Lysing 13.okt 1941<\/span><\/p>\n<p style=\"text-align: center;\"><a href=\"https:\/\/ww2.fjeldskaar.com\/wp-content\/uploads\/2020\/08\/2020-08-23-0020.jpg\"><img loading=\"lazy\" decoding=\"async\" class=\"alignnone wp-image-6936\" src=\"https:\/\/ww2.fjeldskaar.com\/wp-content\/uploads\/2020\/08\/2020-08-23-0020.jpg\" alt=\"\" width=\"300\" height=\"402\" srcset=\"https:\/\/www.kilane-slekt.net\/wp-content\/uploads\/2020\/08\/2020-08-23-0020.jpg 1838w, https:\/\/www.kilane-slekt.net\/wp-content\/uploads\/2020\/08\/2020-08-23-0020-224x300.jpg 224w, https:\/\/www.kilane-slekt.net\/wp-content\/uploads\/2020\/08\/2020-08-23-0020-764x1024.jpg 764w, https:\/\/www.kilane-slekt.net\/wp-content\/uploads\/2020\/08\/2020-08-23-0020-768x1030.jpg 768w, https:\/\/www.kilane-slekt.net\/wp-content\/uploads\/2020\/08\/2020-08-23-0020-1146x1536.jpg 1146w, https:\/\/www.kilane-slekt.net\/wp-content\/uploads\/2020\/08\/2020-08-23-0020-1528x2048.jpg 1528w, https:\/\/www.kilane-slekt.net\/wp-content\/uploads\/2020\/08\/2020-08-23-0020-1568x2102.jpg 1568w\" sizes=\"auto, (max-width: 300px) 100vw, 300px\" \/><\/a><\/p>\n<p>&nbsp;<\/p>\n<p style=\"text-align: center;\"><span style=\"color: #333333;\">\u00a0<img loading=\"lazy\" decoding=\"async\" src=\"https:\/\/ww2.fjeldskaar.com\/wp-content\/uploads\/2015\/05\/vaulen-1953-264x300.png\" alt=\"vaulen 1953\" width=\"264\" height=\"300\" \/> \u00a0\u00a0<img loading=\"lazy\" decoding=\"async\" src=\"https:\/\/ww2.fjeldskaar.com\/wp-content\/uploads\/2015\/05\/File0007b_14.jpg\" alt=\"File0007b_14\" width=\"400\" height=\"284\" \/><\/span><\/p>\n<p style=\"text-align: center;\"><span style=\"color: #333333;\"><img loading=\"lazy\" decoding=\"async\" src=\"https:\/\/ww2.fjeldskaar.com\/wp-content\/uploads\/2015\/05\/50\u00e5r_1959.jpg\" alt=\"\" width=\"452\" height=\"155\" \/><\/span><br \/>\n<span style=\"color: #333333;\"><em>Torger fylte 50 \u00e5r i 1959, og her er et par vers av en sang i den forbindelse<\/em><\/span><\/p>\n<p><span style=\"color: #333333;\"><i><img loading=\"lazy\" decoding=\"async\" class=\"alignleft\" src=\"https:\/\/ww2.fjeldskaar.com\/wp-content\/uploads\/2018\/04\/Bilde-410.jpg\" alt=\"\" width=\"257\" height=\"400\" \/><\/i>I 1942 flyttet Torger Kilane fra Kilane i Erfjord hit til Hinna. En kortere periode drev han en mindre fruktbutikk i Stavanger, og da hadde han hybel p\u00e5 Bu\u00f8y. Han startet kolonialforretning p\u00e5 Harholen, men etter 17-18 \u00e5r kj\u00f8pte han en st\u00f8rre tomt i Solliveien p\u00e5 Hinna. Her bygde han f\u00f8rst bolighus og siden forretningsbygg.<\/span><\/p>\n<p><span style=\"color: #333333;\">I 1941 giftet Torger seg med Magda Larsen fra Dusavika, De bodde de f\u00f8rste \u00e5rene i Gamleveien p\u00e5 Hinna. I krysset med Furulunden eide Marie og Peder Pedersen en tomannsbolig. Her bodde Kilane i andre etasje og Valbj\u00f8rg og Harald Hauk\u00e5s i f\u00f8rste etasje. Selv bodde familien Pedersen p\u00e5 Tasta under det meste av krigen.<\/span><\/p>\n<p><span style=\"color: #333333;\">N\u00e5r Kilane flyttet butikken til Solliveien, beholdt han mange av kundene fra Harholen. Dette ikke minst fordi han kj\u00f8rte varene og leverte de p\u00e5 d\u00f8ra. Likevel ble butikken i Solliveien f\u00f8rst og fremst en n\u00e6rbutikk for beboerne i omr\u00e5det.<\/span><\/p>\n<p><span style=\"color: #333333;\">S\u00f8nnen, Leif Kilane (bildet) arbeidet i butikken i mange \u00e5r. Han bor fortsatt i 2. etasje i foretningsbygget. D\u00f8trene, Inger og Torbj\u00f8rg bor begge med sine familier p\u00e5 Vaulen.<\/span><\/p>\n<p><span style=\"color: #333333;\">Etter at Kilane sluttet med butikken, ble den drevet noen \u00e5r av andre.<\/span><\/p>\n<p><span style=\"color: #333333;\">B\u00e5de Magda og Torger Kilane var i alle \u00e5r aktive i Hinna Misjonslag b\u00e5de p\u00e5 Kinahuset og Fredheim. Bl. a. var Torger med i styret i mange \u00e5r. I 5 \u00e5r hadde han ledervervet. Tekst: Sverre Torgersen, Hinnavis<\/span><\/p>\n<p><span style=\"color: #f7efd0;\">.<\/span><\/p>\n<p style=\"text-align: center;\"><span style=\"color: #333333;\"><img loading=\"lazy\" decoding=\"async\" src=\"https:\/\/ww2.fjeldskaar.com\/wp-content\/uploads\/2015\/05\/File0001_6.jpg\" alt=\"File0001_6\" width=\"300\" height=\"347\" \/>\u00a0 \u00a0<img loading=\"lazy\" decoding=\"async\" src=\"https:\/\/ww2.fjeldskaar.com\/wp-content\/uploads\/2015\/05\/File0002_5.jpg\" alt=\"File0002_5\" width=\"300\" height=\"376\" \/><\/span><\/p>\n<p style=\"text-align: center;\"><span style=\"color: #333333;\"><img loading=\"lazy\" decoding=\"async\" src=\"https:\/\/ww2.fjeldskaar.com\/wp-content\/uploads\/2015\/05\/File0001b_20-156x300.jpg\" alt=\"File0001b_20\" width=\"156\" height=\"300\" \/>\u00a0 \u00a0 \u00a0 \u00a0<a style=\"color: #333333;\" href=\"https:\/\/ww2.fjeldskaar.com\/wp-content\/uploads\/2015\/05\/b1.jpg\"><img loading=\"lazy\" decoding=\"async\" src=\"https:\/\/ww2.fjeldskaar.com\/wp-content\/uploads\/2015\/05\/b1-131x300.jpg\" alt=\"b1\" width=\"131\" height=\"300\" \/>\u00a0 \u00a0 <\/a><a style=\"color: #333333;\" href=\"https:\/\/ww2.fjeldskaar.com\/wp-content\/uploads\/2015\/05\/File0002b_14.jpg\"><img loading=\"lazy\" decoding=\"async\" src=\"https:\/\/ww2.fjeldskaar.com\/wp-content\/uploads\/2015\/05\/File0002b_14-194x300.jpg\" alt=\"File0002b_14\" width=\"194\" height=\"300\" \/><\/a><\/span><\/p>\n<p style=\"text-align: center;\"><span style=\"color: #333333;\"><img loading=\"lazy\" decoding=\"async\" src=\"https:\/\/ww2.fjeldskaar.com\/wp-content\/uploads\/2015\/05\/File0007b_13.jpg\" alt=\"File0007b_13\" width=\"300\" height=\"176\" \/>\u00a0 <a style=\"color: #333333;\" href=\"https:\/\/ww2.fjeldskaar.com\/wp-content\/uploads\/2020\/07\/1_vaulen3.jpg\"><img loading=\"lazy\" decoding=\"async\" src=\"https:\/\/ww2.fjeldskaar.com\/wp-content\/uploads\/2020\/07\/1_vaulen3.jpg\" alt=\"\" width=\"236\" height=\"217\" \/><\/a><br \/>\nButikken i Harholen p\u00e5 50-tallet og samme hus i 2019.<\/span><\/p>\n<p><span style=\"color: #f7efd0;\">.<\/span><\/p>\n<p><span style=\"color: #333333;\"><a style=\"color: #333333;\" href=\"https:\/\/ww2.fjeldskaar.com\/wp-content\/uploads\/2015\/05\/kilanes-kolonial2.jpg\"><img loading=\"lazy\" decoding=\"async\" class=\"aligncenter\" src=\"https:\/\/ww2.fjeldskaar.com\/wp-content\/uploads\/2015\/05\/kilanes-kolonial2.jpg\" alt=\"\" width=\"553\" height=\"384\" \/><\/a><\/span><\/p>\n<p style=\"text-align: center;\"><span style=\"color: #333333;\"><em>Butikken i Solliveien. Trykk p\u00e5 bildet for \u00e5 se stor st\u00f8rrelse<\/em><\/span><\/p>\n<p style=\"text-align: center;\"><span style=\"color: #333333;\"><img loading=\"lazy\" decoding=\"async\" src=\"https:\/\/ww2.fjeldskaar.com\/wp-content\/uploads\/2015\/05\/snarkj\u00f8p.png\" alt=\"snarkj\u00f8p\" width=\"250\" height=\"140\" \/> <a style=\"color: #333333;\" href=\"https:\/\/ww2.fjeldskaar.com\/wp-content\/uploads\/2015\/05\/torger4.png\"><img loading=\"lazy\" decoding=\"async\" src=\"https:\/\/ww2.fjeldskaar.com\/wp-content\/uploads\/2015\/05\/torger4.png\" alt=\"torger4\" width=\"300\" height=\"399\" \/><\/a><\/span><\/p>\n<p><span style=\"color: #333333;\"><img loading=\"lazy\" decoding=\"async\" class=\"aligncenter\" src=\"https:\/\/ww2.fjeldskaar.com\/wp-content\/uploads\/2015\/05\/File0016b.jpg\" alt=\"File0016b\" width=\"400\" height=\"258\" \/><\/span><\/p>\n<p style=\"text-align: center;\"><span style=\"color: #333333;\">Kolonialen i Solliveien 7<\/span><\/p>\n<p style=\"text-align: center;\"><span style=\"color: #333333;\"><a style=\"color: #333333;\" href=\"https:\/\/ww2.fjeldskaar.com\/wp-content\/uploads\/2015\/05\/scan0023.jpg\"><img loading=\"lazy\" decoding=\"async\" src=\"https:\/\/ww2.fjeldskaar.com\/wp-content\/uploads\/2015\/05\/scan0023.jpg\" alt=\"\" width=\"578\" height=\"459\" \/><\/a><br \/>\nMagda og Torger i bryllup<\/span><\/p>\n<p style=\"text-align: center;\"><span style=\"color: #333333;\"><img loading=\"lazy\" decoding=\"async\" src=\"https:\/\/ww2.fjeldskaar.com\/wp-content\/uploads\/2015\/05\/File0002b_10.jpg\" alt=\"File0002b_10\" width=\"300\" height=\"518\" \/><\/span><\/p>\n<p style=\"text-align: center;\"><span style=\"color: #333333;\">Torger sammen med William Fjeldskaar i 1977<\/span><\/p>\n<p style=\"text-align: center;\"><span style=\"color: #333333;\"><a style=\"color: #333333;\" href=\"https:\/\/ww2.fjeldskaar.com\/wp-content\/uploads\/2015\/05\/torger3.png\"><img loading=\"lazy\" decoding=\"async\" src=\"https:\/\/ww2.fjeldskaar.com\/wp-content\/uploads\/2015\/05\/torger3-300x193.png\" alt=\"torger3\" width=\"300\" height=\"193\" \/><\/a><\/span><\/p>\n<p style=\"text-align: center;\"><span style=\"color: #333333;\">Fra Stavanger Aftenblad 1978<\/span><\/p>\n<p style=\"text-align: center;\"><span style=\"color: #333333;\"><a style=\"color: #333333;\" href=\"https:\/\/ww2.fjeldskaar.com\/wp-content\/uploads\/2020\/08\/scan0027-scaled.jpg\"><img loading=\"lazy\" decoding=\"async\" src=\"https:\/\/ww2.fjeldskaar.com\/wp-content\/uploads\/2020\/08\/scan0027-scaled.jpg\" alt=\"brev fra Torger\" width=\"360\" height=\"316\" \/><\/a><\/span><\/p>\n<p style=\"text-align: center;\"><span style=\"color: #333333;\">Skriv fra Torger i forbindelse med begravelsen<\/span><\/p>\n<p style=\"text-align: center;\"><span style=\"color: #333333;\"><a style=\"color: #333333;\" href=\"https:\/\/ww2.fjeldskaar.com\/wp-content\/uploads\/2015\/05\/torger-1.jpg\"><img loading=\"lazy\" decoding=\"async\" class=\"\" src=\"https:\/\/ww2.fjeldskaar.com\/wp-content\/uploads\/2015\/05\/torger-1.jpg\" alt=\"\" width=\"255\" height=\"456\" \/><\/a><\/span><\/p>\n<div class=\"pdfprnt-buttons pdfprnt-buttons-page pdfprnt-bottom-right\"><a href=\"https:\/\/www.kilane-slekt.net\/en\/wp-json\/wp\/v2\/pages\/486?print=print\" class=\"pdfprnt-button pdfprnt-button-print\" target=\"_blank\"><img decoding=\"async\" src=\"https:\/\/www.kilane-slekt.net\/wp-content\/plugins\/pdf-print\/images\/print.png\" alt=\"image_print\" title=\"Print Content\" \/><span class=\"pdfprnt-button-title pdfprnt-button-print-title\">print<\/span><\/a><\/div>","protected":false},"excerpt":{"rendered":"<p>Torger Kilane 15.12.1909-11.05.1978 Torger. Trykk p\u00e5 bildet for \u00e5 se stor st\u00f8rrelse. . . . . Torger sine foreldre og besteforeldre (trykk for \u00e5 se st\u00f8rre bilde) . &nbsp; Torger gikk p\u00e5 Fjellhaug skoler v\u00e5ren 1933; p\u00e5 bildet er han nr 2 fra h\u00f8yre i 3. rad. B\u00e5de Ludvig Hope og Trygve Bjerkrheim var blant [&hellip;]<\/p>","protected":false},"author":1,"featured_media":0,"parent":489,"menu_order":7,"comment_status":"closed","ping_status":"closed","template":"no_sidebar.php","meta":{"footnotes":""},"class_list":["post-486","page","type-page","status-publish","hentry"],"jetpack_sharing_enabled":true,"_links":{"self":[{"href":"https:\/\/www.kilane-slekt.net\/en\/wp-json\/wp\/v2\/pages\/486","targetHints":{"allow":["GET"]}}],"collection":[{"href":"https:\/\/www.kilane-slekt.net\/en\/wp-json\/wp\/v2\/pages"}],"about":[{"href":"https:\/\/www.kilane-slekt.net\/en\/wp-json\/wp\/v2\/types\/page"}],"author":[{"embeddable":true,"href":"https:\/\/www.kilane-slekt.net\/en\/wp-json\/wp\/v2\/users\/1"}],"replies":[{"embeddable":true,"href":"https:\/\/www.kilane-slekt.net\/en\/wp-json\/wp\/v2\/comments?post=486"}],"version-history":[{"count":8,"href":"https:\/\/www.kilane-slekt.net\/en\/wp-json\/wp\/v2\/pages\/486\/revisions"}],"predecessor-version":[{"id":8554,"href":"https:\/\/www.kilane-slekt.net\/en\/wp-json\/wp\/v2\/pages\/486\/revisions\/8554"}],"up":[{"embeddable":true,"href":"https:\/\/www.kilane-slekt.net\/en\/wp-json\/wp\/v2\/pages\/489"}],"wp:attachment":[{"href":"https:\/\/www.kilane-slekt.net\/en\/wp-json\/wp\/v2\/media?parent=486"}],"curies":[{"name":"wp","href":"https:\/\/api.w.org\/{rel}","templated":true}]}}