{"id":8497,"date":"2022-11-12T14:12:33","date_gmt":"2022-11-12T14:12:33","guid":{"rendered":"https:\/\/www.kilane-slekt.net\/?page_id=8497"},"modified":"2023-01-25T20:11:48","modified_gmt":"2023-01-25T20:11:48","slug":"gamlestava","status":"publish","type":"page","link":"https:\/\/www.kilane-slekt.net\/en\/gamlestava\/","title":{"rendered":"&laquo;Gamlest\u00e5va&raquo;"},"content":{"rendered":"<p>&nbsp;<\/p>\n<p style=\"text-align: center;\"><span style=\"font-size: 36pt;\"><strong><span style=\"font-family: 'Great Vibes';\">&laquo;Gamlest\u00e5va&raquo;<\/span><\/strong><\/span><\/p>\n<p>&nbsp;<\/p>\n<p><span style=\"font-size: 13pt;\">\u00d8ystein Kilane (barnebarn av Inger og Johan, og s\u00f8nn av Sigurd) satte opp <em><strong>&laquo;Gamlest\u00e5va&raquo;<\/strong><\/em> som et minnesmerke over livet i Kilane. Vi siterer \u00d8ystein:<\/span><\/p>\n<p>&nbsp;<\/p>\n<p><span style=\"font-size: 14pt;\"><strong>Historia til \u00abGamlest\u00e5va\u00bb<\/strong><\/span><\/p>\n<p><span style=\"font-size: 13pt;\"><em>&laquo;Huset som Gamlest\u00e5va var ein del av, vart bygt ca 1860 av \u00d8sten Kilene. D\u00e5 det vart bygt nytt hus i 1982\/1983, var det en del gamle ting som ikkje passa inn i nyhuset, og som ble satt inn i Gamlest\u00e5va. Tanken om \u00e5 ta vare p\u00e5 desse tinga modnast. Men det var harde tider, med renter p\u00e5 16 til 17 %, s\u00e5 alt m\u00e5tte gjerast p\u00e5 billigaste m\u00e5te.&raquo;<\/em><\/span><\/p>\n<p><span style=\"font-size: 13pt;\"><a href=\"https:\/\/www.kilane-slekt.net\/wp-content\/uploads\/2023\/01\/osten51.png\"><img loading=\"lazy\" decoding=\"async\" class=\"aligncenter wp-image-8633 size-medium\" src=\"https:\/\/www.kilane-slekt.net\/wp-content\/uploads\/2023\/01\/osten51-300x282.png\" alt=\"\" width=\"300\" height=\"282\" srcset=\"https:\/\/www.kilane-slekt.net\/wp-content\/uploads\/2023\/01\/osten51-300x282.png 300w, https:\/\/www.kilane-slekt.net\/wp-content\/uploads\/2023\/01\/osten51-1024x961.png 1024w, https:\/\/www.kilane-slekt.net\/wp-content\/uploads\/2023\/01\/osten51-768x721.png 768w, https:\/\/www.kilane-slekt.net\/wp-content\/uploads\/2023\/01\/osten51-13x12.png 13w, https:\/\/www.kilane-slekt.net\/wp-content\/uploads\/2023\/01\/osten51.png 1176w\" sizes=\"auto, (max-width: 300px) 100vw, 300px\" \/><\/a><\/span><\/p>\n<p style=\"text-align: center;\"><em>Huset som &laquo;Gamlest\u00e5va&raquo; er en del av, vart bygt av \u00d8sten Kilane<\/em><\/p>\n<p><span style=\"font-size: 13pt;\"><img loading=\"lazy\" decoding=\"async\" class=\"alignnone wp-image-8499 size-full\" src=\"https:\/\/www.kilane-slekt.net\/wp-content\/uploads\/2022\/11\/IMG_20221112_150659.jpg\" alt=\"\" width=\"240\" height=\"320\" srcset=\"https:\/\/www.kilane-slekt.net\/wp-content\/uploads\/2022\/11\/IMG_20221112_150659.jpg 240w, https:\/\/www.kilane-slekt.net\/wp-content\/uploads\/2022\/11\/IMG_20221112_150659-225x300.jpg 225w, https:\/\/www.kilane-slekt.net\/wp-content\/uploads\/2022\/11\/IMG_20221112_150659-9x12.jpg 9w\" sizes=\"auto, (max-width: 240px) 100vw, 240px\" \/>\u00a0 \u00a0 \u00a0 \u00a0 \u00a0<img loading=\"lazy\" decoding=\"async\" class=\"wp-image-8513 size-full alignright\" src=\"https:\/\/www.kilane-slekt.net\/wp-content\/uploads\/2022\/11\/IMG_20221112_150717.jpg\" alt=\"\" width=\"240\" height=\"320\" srcset=\"https:\/\/www.kilane-slekt.net\/wp-content\/uploads\/2022\/11\/IMG_20221112_150717.jpg 240w, https:\/\/www.kilane-slekt.net\/wp-content\/uploads\/2022\/11\/IMG_20221112_150717-225x300.jpg 225w, https:\/\/www.kilane-slekt.net\/wp-content\/uploads\/2022\/11\/IMG_20221112_150717-9x12.jpg 9w\" sizes=\"auto, (max-width: 240px) 100vw, 240px\" \/><\/span><\/p>\n<p><em><span style=\"font-size: 13pt;\">&laquo;Gamlehuset vart rive slik at berre &laquo;Gamlest\u00e5va&raquo; stod att. Ny grunnmur vart sett opp, og st\u00e5va vart s\u00e5 flytta heil med mobilkran. Nytt tak og kledning kom p\u00e5 plass med materialer fr\u00e5 eigen skog.&raquo;<\/span><\/em><\/p>\n<p><a href=\"https:\/\/www.kilane-slekt.net\/wp-content\/uploads\/2023\/01\/johanBB.png\"><img loading=\"lazy\" decoding=\"async\" class=\"aligncenter wp-image-8678\" src=\"https:\/\/www.kilane-slekt.net\/wp-content\/uploads\/2023\/01\/johanBB-300x162.png\" alt=\"\" width=\"550\" height=\"297\" srcset=\"https:\/\/www.kilane-slekt.net\/wp-content\/uploads\/2023\/01\/johanBB-300x162.png 300w, https:\/\/www.kilane-slekt.net\/wp-content\/uploads\/2023\/01\/johanBB-1024x552.png 1024w, https:\/\/www.kilane-slekt.net\/wp-content\/uploads\/2023\/01\/johanBB-768x414.png 768w, https:\/\/www.kilane-slekt.net\/wp-content\/uploads\/2023\/01\/johanBB-1536x829.png 1536w, https:\/\/www.kilane-slekt.net\/wp-content\/uploads\/2023\/01\/johanBB-18x10.png 18w, https:\/\/www.kilane-slekt.net\/wp-content\/uploads\/2023\/01\/johanBB.png 1750w\" sizes=\"auto, (max-width: 550px) 100vw, 550px\" \/><\/a><\/p>\n<p style=\"text-align: center;\"><em>Inger og Johan.<\/em><\/p>\n<p><img loading=\"lazy\" decoding=\"async\" class=\"wp-image-8504 size-full aligncenter\" src=\"https:\/\/www.kilane-slekt.net\/wp-content\/uploads\/2022\/11\/IMG_20221112_150541.jpg\" alt=\"\" width=\"320\" height=\"240\" srcset=\"https:\/\/www.kilane-slekt.net\/wp-content\/uploads\/2022\/11\/IMG_20221112_150541.jpg 320w, https:\/\/www.kilane-slekt.net\/wp-content\/uploads\/2022\/11\/IMG_20221112_150541-300x225.jpg 300w, https:\/\/www.kilane-slekt.net\/wp-content\/uploads\/2022\/11\/IMG_20221112_150541-16x12.jpg 16w\" sizes=\"auto, (max-width: 320px) 100vw, 320px\" \/><\/p>\n<p>&nbsp;<\/p>\n<p>&nbsp;<\/p>\n<p>&nbsp;<\/p>\n<p><span style=\"font-size: 13pt;\"><a href=\"https:\/\/www.kilane-slekt.net\/wp-content\/uploads\/2022\/11\/IMG_20221112_150639.jpg\"><img loading=\"lazy\" decoding=\"async\" class=\"wp-image-8508 size-full aligncenter\" src=\"https:\/\/www.kilane-slekt.net\/wp-content\/uploads\/2022\/11\/IMG_20221112_150639.jpg\" alt=\"\" width=\"640\" height=\"480\" srcset=\"https:\/\/www.kilane-slekt.net\/wp-content\/uploads\/2022\/11\/IMG_20221112_150639.jpg 640w, https:\/\/www.kilane-slekt.net\/wp-content\/uploads\/2022\/11\/IMG_20221112_150639-300x225.jpg 300w, https:\/\/www.kilane-slekt.net\/wp-content\/uploads\/2022\/11\/IMG_20221112_150639-16x12.jpg 16w\" sizes=\"auto, (max-width: 640px) 100vw, 640px\" \/><\/a><\/span><\/p>\n<p><img loading=\"lazy\" decoding=\"async\" class=\"wp-image-8509 size-full aligncenter\" src=\"https:\/\/www.kilane-slekt.net\/wp-content\/uploads\/2022\/11\/IMG_20221112_150529.jpg\" alt=\"\" width=\"480\" height=\"360\" srcset=\"https:\/\/www.kilane-slekt.net\/wp-content\/uploads\/2022\/11\/IMG_20221112_150529.jpg 480w, https:\/\/www.kilane-slekt.net\/wp-content\/uploads\/2022\/11\/IMG_20221112_150529-300x225.jpg 300w, https:\/\/www.kilane-slekt.net\/wp-content\/uploads\/2022\/11\/IMG_20221112_150529-16x12.jpg 16w\" sizes=\"auto, (max-width: 480px) 100vw, 480px\" \/><\/p>\n<p style=\"text-align: center;\"><a href=\"https:\/\/www.kilane-slekt.net\/wp-content\/uploads\/2023\/01\/IMG_4399-scaled.jpeg\"><img loading=\"lazy\" decoding=\"async\" class=\"alignnone wp-image-8612\" src=\"https:\/\/www.kilane-slekt.net\/wp-content\/uploads\/2023\/01\/IMG_4399-225x300.jpeg\" alt=\"\" width=\"455\" height=\"607\" srcset=\"https:\/\/www.kilane-slekt.net\/wp-content\/uploads\/2023\/01\/IMG_4399-225x300.jpeg 225w, https:\/\/www.kilane-slekt.net\/wp-content\/uploads\/2023\/01\/IMG_4399-768x1024.jpeg 768w, https:\/\/www.kilane-slekt.net\/wp-content\/uploads\/2023\/01\/IMG_4399-1152x1536.jpeg 1152w, https:\/\/www.kilane-slekt.net\/wp-content\/uploads\/2023\/01\/IMG_4399-1536x2048.jpeg 1536w, https:\/\/www.kilane-slekt.net\/wp-content\/uploads\/2023\/01\/IMG_4399-9x12.jpeg 9w, https:\/\/www.kilane-slekt.net\/wp-content\/uploads\/2023\/01\/IMG_4399-scaled.jpeg 1920w\" sizes=\"auto, (max-width: 455px) 100vw, 455px\" \/><\/a><\/p>\n<p><em>Forbindelsen mellom Kilane og Amerika var ganske tett; Inger og Johan giftet seg i Hillsboro (North Dakota) 1. august 1894. Der fikk de ogs\u00e5 to barn (Klara og Jone), f\u00f8r de reiste hjem og overtok farsg\u00e5rden p\u00e5 Kilane i 1898.<\/em><\/p>\n<p>&nbsp;<\/p>\n<p style=\"text-align: center;\"><a href=\"https:\/\/www.kilane-slekt.net\/wp-content\/uploads\/2023\/01\/IMG_4403-scaled.jpeg\"><img loading=\"lazy\" decoding=\"async\" class=\"alignnone wp-image-8611\" src=\"https:\/\/www.kilane-slekt.net\/wp-content\/uploads\/2023\/01\/IMG_4403-225x300.jpeg\" alt=\"\" width=\"450\" height=\"600\" srcset=\"https:\/\/www.kilane-slekt.net\/wp-content\/uploads\/2023\/01\/IMG_4403-225x300.jpeg 225w, https:\/\/www.kilane-slekt.net\/wp-content\/uploads\/2023\/01\/IMG_4403-768x1024.jpeg 768w, https:\/\/www.kilane-slekt.net\/wp-content\/uploads\/2023\/01\/IMG_4403-1152x1536.jpeg 1152w, https:\/\/www.kilane-slekt.net\/wp-content\/uploads\/2023\/01\/IMG_4403-1536x2048.jpeg 1536w, https:\/\/www.kilane-slekt.net\/wp-content\/uploads\/2023\/01\/IMG_4403-9x12.jpeg 9w, https:\/\/www.kilane-slekt.net\/wp-content\/uploads\/2023\/01\/IMG_4403-scaled.jpeg 1920w\" sizes=\"auto, (max-width: 450px) 100vw, 450px\" \/><\/a><\/p>\n<p>&nbsp;<\/p>\n<p><a href=\"https:\/\/www.kilane-slekt.net\/wp-content\/uploads\/2023\/01\/herren.png\"><img loading=\"lazy\" decoding=\"async\" class=\"aligncenter wp-image-8671 size-full\" src=\"https:\/\/www.kilane-slekt.net\/wp-content\/uploads\/2023\/01\/herren.png\" alt=\"\" width=\"332\" height=\"474\" srcset=\"https:\/\/www.kilane-slekt.net\/wp-content\/uploads\/2023\/01\/herren.png 332w, https:\/\/www.kilane-slekt.net\/wp-content\/uploads\/2023\/01\/herren-210x300.png 210w, https:\/\/www.kilane-slekt.net\/wp-content\/uploads\/2023\/01\/herren-8x12.png 8w\" sizes=\"auto, (max-width: 332px) 100vw, 332px\" \/><\/a><\/p>\n<p><img loading=\"lazy\" decoding=\"async\" class=\"alignnone size-medium wp-image-8692 aligncenter\" src=\"https:\/\/www.kilane-slekt.net\/wp-content\/uploads\/2023\/01\/output-onlinepngtools-2023-01-19T184756.939-300x37.png\" alt=\"\" width=\"300\" height=\"37\" srcset=\"https:\/\/www.kilane-slekt.net\/wp-content\/uploads\/2023\/01\/output-onlinepngtools-2023-01-19T184756.939-300x37.png 300w, https:\/\/www.kilane-slekt.net\/wp-content\/uploads\/2023\/01\/output-onlinepngtools-2023-01-19T184756.939-18x2.png 18w, https:\/\/www.kilane-slekt.net\/wp-content\/uploads\/2023\/01\/output-onlinepngtools-2023-01-19T184756.939.png 337w\" sizes=\"auto, (max-width: 300px) 100vw, 300px\" \/><\/p>\n<p>&nbsp;<\/p>\n<p>&nbsp;<\/p>\n<p><img loading=\"lazy\" decoding=\"async\" class=\"wp-image-8507 size-full aligncenter\" src=\"https:\/\/www.kilane-slekt.net\/wp-content\/uploads\/2022\/11\/IMG_20221112_150625.jpg\" alt=\"\" width=\"480\" height=\"360\" srcset=\"https:\/\/www.kilane-slekt.net\/wp-content\/uploads\/2022\/11\/IMG_20221112_150625.jpg 480w, https:\/\/www.kilane-slekt.net\/wp-content\/uploads\/2022\/11\/IMG_20221112_150625-300x225.jpg 300w, https:\/\/www.kilane-slekt.net\/wp-content\/uploads\/2022\/11\/IMG_20221112_150625-16x12.jpg 16w\" sizes=\"auto, (max-width: 480px) 100vw, 480px\" \/><\/p>\n<p>&nbsp;<\/p>\n<p><img loading=\"lazy\" decoding=\"async\" class=\"aligncenter wp-image-8643 size-full\" src=\"https:\/\/www.kilane-slekt.net\/wp-content\/uploads\/2023\/01\/siri-1.jpg\" alt=\"\" width=\"465\" height=\"305\" srcset=\"https:\/\/www.kilane-slekt.net\/wp-content\/uploads\/2023\/01\/siri-1.jpg 465w, https:\/\/www.kilane-slekt.net\/wp-content\/uploads\/2023\/01\/siri-1-300x197.jpg 300w, https:\/\/www.kilane-slekt.net\/wp-content\/uploads\/2023\/01\/siri-1-18x12.jpg 18w\" sizes=\"auto, (max-width: 465px) 100vw, 465px\" \/><\/p>\n<p><img loading=\"lazy\" decoding=\"async\" class=\"wp-image-7031 alignleft\" src=\"https:\/\/www.kilane-slekt.net\/wp-content\/uploads\/2020\/08\/output-onlinepngtools-2020-08-24T203433.879-229x300.png\" alt=\"\" width=\"200\" height=\"262\" srcset=\"https:\/\/www.kilane-slekt.net\/wp-content\/uploads\/2020\/08\/output-onlinepngtools-2020-08-24T203433.879-229x300.png 229w, https:\/\/www.kilane-slekt.net\/wp-content\/uploads\/2020\/08\/output-onlinepngtools-2020-08-24T203433.879.png 397w\" sizes=\"auto, (max-width: 200px) 100vw, 200px\" \/> <img loading=\"lazy\" decoding=\"async\" class=\"wp-image-6968 alignright\" src=\"https:\/\/www.kilane-slekt.net\/wp-content\/uploads\/2020\/08\/output-onlinepngtools-2020-08-24T093041.490-225x300.png\" alt=\"\" width=\"200\" height=\"267\" srcset=\"https:\/\/www.kilane-slekt.net\/wp-content\/uploads\/2020\/08\/output-onlinepngtools-2020-08-24T093041.490-225x300.png 225w, https:\/\/www.kilane-slekt.net\/wp-content\/uploads\/2020\/08\/output-onlinepngtools-2020-08-24T093041.490.png 354w\" sizes=\"auto, (max-width: 200px) 100vw, 200px\" \/><\/p>\n<p><strong><span style=\"font-size: 13pt;\"><em>\u00d8ystein skriver videre:<\/em><\/span><\/strong><\/p>\n<p><span style=\"font-size: 13pt;\"><em>&laquo;Eg har denne historia etter mormor og morfar Rasmine og Edvard B\u00f8en. Siri og \u00d8ystine d\u00f8ydde med berre f\u00e5 vekers mellomrom i 1921, berre 22 og 23 \u00e5r gamle. Dette var rett etter f\u00f8rste verdenskrig med rasjonering p\u00e5 drivstoff. Farfar Johan Kilane hadde motorb\u00e5t og skulle henta kista med \u00d8ystine heim for \u00e5 bli gravlagt i Erfjord.<\/em><\/span><\/p>\n<p><em>Men han mangla drivstoff, og fekk ikkje kj\u00f8pt. Eg hugsar mormor fortalde at Johan kom gr\u00e5tande og spurde morfar om drivstoff. Han fekk det drivstoffet som morfar hadde f\u00e5tt tildelt som yrkesfiskar for \u00e5 g\u00e5 p\u00e5 fiske med, og henta kista heim til gravferda.<\/em><\/p>\n<p><span style=\"font-size: 13pt;\"><span style=\"font-size: 13pt;\"><em>Nokre dagar seinare kom Johan p\u00e5 bes\u00f8k til Rasmine og Edvard og hadde med seg store sekker med ull i bytte med drivstoffet. Rasmine og Edvard hadde det vanskeleg \u00f8konomisk p\u00e5 den tida, med seks barn som trong kler. Rasmine fekk n\u00e5 spinna, veva og sy kler til ungane, av all ulla Johan gav dei.<\/em><\/span><\/span><\/p>\n<p><span style=\"font-size: 13pt;\"><span style=\"font-size: 13pt;\"><em>Mormor var ei sindig dame, eg kan aldri hugsa at ho gret. Men kvar gong ho fortalte denne historia rann det t\u00e5rer nedover kinna hennar. Det gjorde sterkt inntrykk p\u00e5 meg.&raquo;<\/em><\/span><\/span><\/p>\n<p><a href=\"https:\/\/www.kilane-slekt.net\/wp-content\/uploads\/2023\/01\/output-onlinepngtools-2023-01-16T183300.834-1.png\"><img loading=\"lazy\" decoding=\"async\" class=\"aligncenter wp-image-8664\" src=\"https:\/\/www.kilane-slekt.net\/wp-content\/uploads\/2023\/01\/output-onlinepngtools-2023-01-16T183300.834-1-225x300.png\" alt=\"\" width=\"450\" height=\"600\" srcset=\"https:\/\/www.kilane-slekt.net\/wp-content\/uploads\/2023\/01\/output-onlinepngtools-2023-01-16T183300.834-1-225x300.png 225w, https:\/\/www.kilane-slekt.net\/wp-content\/uploads\/2023\/01\/output-onlinepngtools-2023-01-16T183300.834-1-768x1024.png 768w, https:\/\/www.kilane-slekt.net\/wp-content\/uploads\/2023\/01\/output-onlinepngtools-2023-01-16T183300.834-1-9x12.png 9w, https:\/\/www.kilane-slekt.net\/wp-content\/uploads\/2023\/01\/output-onlinepngtools-2023-01-16T183300.834-1.png 960w\" sizes=\"auto, (max-width: 450px) 100vw, 450px\" \/><\/a><\/p>\n<p style=\"text-align: left;\"><em>Fem barnebarn av Inger og Johan samlet i Gamlest\u00e5va; fra venstre Leif, Torbj\u00f8rg, \u00d8ystein, Inger og Reidun. Reidun og \u00d8ystein er barn av Sigurd; Leif, Torbj\u00f8rg og Inger barn av Torger.<\/em><\/p>\n<p>&nbsp;<\/p>\n<p><a href=\"https:\/\/www.kilane-slekt.net\/wp-content\/uploads\/2022\/11\/kil.jpg\"><img loading=\"lazy\" decoding=\"async\" class=\"aligncenter wp-image-8521\" src=\"https:\/\/www.kilane-slekt.net\/wp-content\/uploads\/2022\/11\/kil-300x187.jpg\" alt=\"\" width=\"500\" height=\"312\" srcset=\"https:\/\/www.kilane-slekt.net\/wp-content\/uploads\/2022\/11\/kil-300x187.jpg 300w, https:\/\/www.kilane-slekt.net\/wp-content\/uploads\/2022\/11\/kil-1024x638.jpg 1024w, https:\/\/www.kilane-slekt.net\/wp-content\/uploads\/2022\/11\/kil-768x479.jpg 768w, https:\/\/www.kilane-slekt.net\/wp-content\/uploads\/2022\/11\/kil-18x12.jpg 18w, https:\/\/www.kilane-slekt.net\/wp-content\/uploads\/2022\/11\/kil.jpg 1397w\" sizes=\"auto, (max-width: 500px) 100vw, 500px\" \/><\/a><\/p>\n<p>&nbsp;<\/p>\n<p><span style=\"font-size: 18pt;\"><strong>Velkommen p\u00e5 bes\u00f8k i &laquo;Gamlest\u00e5va&raquo;!<\/strong><\/span><\/p>\n<p>&nbsp;<\/p>\n<p>&nbsp;<\/p>\n<p>&nbsp;<\/p>\n<div class=\"pdfprnt-buttons pdfprnt-buttons-page pdfprnt-bottom-right\"><a href=\"https:\/\/www.kilane-slekt.net\/en\/wp-json\/wp\/v2\/pages\/8497?print=print\" class=\"pdfprnt-button pdfprnt-button-print\" target=\"_blank\"><img decoding=\"async\" src=\"https:\/\/www.kilane-slekt.net\/wp-content\/plugins\/pdf-print\/images\/print.png\" alt=\"image_print\" title=\"Print Content\" \/><span class=\"pdfprnt-button-title pdfprnt-button-print-title\">print<\/span><\/a><\/div>","protected":false},"excerpt":{"rendered":"<p>&nbsp; &laquo;Gamlest\u00e5va&raquo; &nbsp; \u00d8ystein Kilane (barnebarn av Inger og Johan, og s\u00f8nn av Sigurd) satte opp &laquo;Gamlest\u00e5va&raquo; som et minnesmerke over livet i Kilane. Vi siterer \u00d8ystein: &nbsp; Historia til \u00abGamlest\u00e5va\u00bb &laquo;Huset som Gamlest\u00e5va var ein del av, vart bygt ca 1860 av \u00d8sten Kilene. D\u00e5 det vart bygt nytt hus i 1982\/1983, var det [&hellip;]<\/p>","protected":false},"author":1,"featured_media":0,"parent":0,"menu_order":55,"comment_status":"closed","ping_status":"closed","template":"no_sidebar.php","meta":{"footnotes":""},"class_list":["post-8497","page","type-page","status-publish","hentry"],"jetpack_sharing_enabled":true,"_links":{"self":[{"href":"https:\/\/www.kilane-slekt.net\/en\/wp-json\/wp\/v2\/pages\/8497","targetHints":{"allow":["GET"]}}],"collection":[{"href":"https:\/\/www.kilane-slekt.net\/en\/wp-json\/wp\/v2\/pages"}],"about":[{"href":"https:\/\/www.kilane-slekt.net\/en\/wp-json\/wp\/v2\/types\/page"}],"author":[{"embeddable":true,"href":"https:\/\/www.kilane-slekt.net\/en\/wp-json\/wp\/v2\/users\/1"}],"replies":[{"embeddable":true,"href":"https:\/\/www.kilane-slekt.net\/en\/wp-json\/wp\/v2\/comments?post=8497"}],"version-history":[{"count":82,"href":"https:\/\/www.kilane-slekt.net\/en\/wp-json\/wp\/v2\/pages\/8497\/revisions"}],"predecessor-version":[{"id":8707,"href":"https:\/\/www.kilane-slekt.net\/en\/wp-json\/wp\/v2\/pages\/8497\/revisions\/8707"}],"wp:attachment":[{"href":"https:\/\/www.kilane-slekt.net\/en\/wp-json\/wp\/v2\/media?parent=8497"}],"curies":[{"name":"wp","href":"https:\/\/api.w.org\/{rel}","templated":true}]}}