{"id":1982,"date":"2015-08-18T18:02:52","date_gmt":"2015-08-18T18:02:52","guid":{"rendered":"https:\/\/ww2.fjeldskaar.com\/?page_id=1982"},"modified":"2021-04-23T09:42:10","modified_gmt":"2021-04-23T09:42:10","slug":"jens-pederson-schelderup","status":"publish","type":"page","link":"https:\/\/www.kilane-slekt.net\/nb_no\/to-biskoper\/jens-pederson-schelderup\/","title":{"rendered":"Jens Peders\u00f8n Schelderup"},"content":{"rendered":"<h2 style=\"text-align: center;\"><span style=\"color: #806239; font-size: 24pt; font-family: 'Great Vibes';\">Biskop Jens Peders\u00f8n Schelderup\u00a0<\/span><\/h2>\n<p style=\"text-align: center;\"><img loading=\"lazy\" decoding=\"async\" class=\"alignnone wp-image-1990 size-medium\" src=\"https:\/\/ww2.fjeldskaar.com\/wp-content\/uploads\/2015\/08\/bergen-domkirke-225x300.jpg\" alt=\"bergen-domkirke\" width=\"225\" height=\"300\" srcset=\"https:\/\/www.kilane-slekt.net\/wp-content\/uploads\/2015\/08\/bergen-domkirke-225x300.jpg 225w, https:\/\/www.kilane-slekt.net\/wp-content\/uploads\/2015\/08\/bergen-domkirke.jpg 360w\" sizes=\"auto, (max-width: 225px) 100vw, 225px\" \/><\/p>\n<p style=\"text-align: center;\">Bergen domkirke<\/p>\n<p style=\"text-align: justify;\">Dansk Biografisk Leksikon, 1984, side 47: &laquo;Schjelderup, Jens Pedersen, omkring 1510-1582, Biskop, var f\u00f8dt i Jylland. Etter avsluttede Studier ved Universitetene i K\u00f8benhavn og Wittenberg fikk han f\u00f8rst betrodd en lavere l\u00e6rerstilling ved H\u00f8yskolen i Danmarks Hovedstad og ble derp\u00e5 omkring 1550 utnevnt til Professor i fysikk. Snart begynte han imidlertid \u00e5 legge seg etter legevitenskapen hvor han tok Doktorgraden ved Universitetet i Rostock (1556), visstnok med det m\u00e5l for \u00f8ye a bli medisinsk Professor i K\u00f8benhavn etter sin svigerfar, Dr. Peter Capeteyn (III, 353). Ved hans d\u00f8d ble han mot forventning tilsidesatt for en annen, og dette kunne muligens ha v\u00e6rt en medvirkende \u00e5rsak til, at han, skj\u00f8nt under meget tvilr\u00e5dighet, mottok kallet fra Kongen til \u00e5 bli Biskop i Bergen, til hvilket embete han ble innviet, visstnok av Peder Palladius, i juli 1557.<\/p>\n<p style=\"text-align: justify;\">Skj\u00f8nt Schjelderup var naturvitenskapsmann av fag, hadde han dog mange og gode betingelser for \u00e5 bli en dyktig Biskop. Teologien var jo den gang vitenskapenes vitenskap, som alle i mer eller mindre Grad var hjemme i. Schjelderup var i sin f\u00f8rste studietid blitt p\u00e5virket av Niels Hemmingsen i religi\u00f8s henseende; han var den lutherske Kirke oppriktig hengiven; han hadde kort f\u00f8r sin utnevnelse avgitt en erkl\u00e6ring, der avga betryggende vitnesbyrd for, at han i nattverdl\u00e6ren stod p\u00e5 ren luthersk grunn. Som Biskop i Bergen viser han seg som en s\u00e5re energisk mann, der med overlegen dyktighet kjempet seg igjennom de mange vanskeligheter, som stilte seg i veien for ham. Han var en flittig Visitator, han tok seg med iver av sitt Presteskap, som han s\u00f8kte \u00e5 heve b\u00e5de intellektuelt og moralsk, han virket med nidkj\u00e6rhet for utviklingen av Stiftets Latinskole, hvor den teologiske Lektor Absalon Pedersen virket til s\u00e5 rik velsignelse.<\/p>\n<p style=\"text-align: justify;\">Hva som vakte st\u00f8rst oppmerksomhet i Biskopens Samtid, og hva som mest har virket til \u00e5 bevare hans minne levende i hans ettertid, det er den heftige strid mellom han og byr\u00e5det i Bergen, som br\u00f8t l\u00f8s i begynnelsen av 1570, etter at han, tilskyndet av den danske Riksr\u00e5d J\u00f8rgen Lykke under hans opphold i Bergen 1568, hadde fjernet fra H\u00f8yalteret i sin Domkirke noen Helgenbilder, som gamle folk fremdeles tilba p\u00e5 katolsk vis, og som han i lengre tid forgjeves hadde anmodet R\u00e5det om \u00e5 ta bort. Det mest interessante ved denne bildstrid, som fant sin avslutning ved et slags forlig mellom Biskopen og Borgmesteren i begynnelsen av 1571, er det merkelige lille skrift, som han utga det f\u00f8lgende \u00e5r: \u00abEn kristelig Undervisning af den hellige Skrift om, hvad en Kristen skal holde om Billeder og St\u00f8tter udi Kirkerne\u00bb. Dette skrift, hvor kun 2 eksemplarer er oppbevarte, er i sannhet et nydelig minne om sin forfatters reformatoriske iver, varme Bispehjerter og dyktige framstillingsevne, om det enn er s\u00e5, at han undertiden i stridens hete g\u00e5r noe for i sin ford\u00f8mmelsesdom over de i Kirkene forh\u00e5ndenv\u00e6rende bilder fra gammel tid.<\/p>\n<p style=\"text-align: justify;\">I 1582 gikk Schjelderup av ved d\u00f8den, h\u00f8yt aktet b\u00e5de i sitt hjemland og i utlandet, hvor den bekjente Professor i Rostock David Chytr\u00e6us med mange lovord tilegnet han en ny utgave av sin \u00abOnomasticum theologicum\u00bb (1578). Han levde et lykkelig familieliv med sin hustru, Susanne Lennertsdatter, som med sikkerhet kan ses \u00e5 v\u00e6re f\u00f8dt i Danmark, og som m\u00e5 antas \u00e5 ha v\u00e6rt Professor Capeteyns Pleiedatter eller Stedatter. Deres Datter Adriane ble gift med den bekjente Stavangerbiskop Mag. J\u00f8rgen Eriksen (IV, 559); deres s\u00f8nn Peder Schjelderup og dennes s\u00f8nn Jens Schjelderup ble begge Biskoper.<\/p>\n<p><span style=\"color: #f7efd0;\">.<\/span><\/p>\n<p><strong>Referanser<\/strong><br \/>\nR\u00f8rdam, Kbhvns Universitets Hist. 1537-1621 I, 629 ff.<br \/>\nA. C. Bang, Den norske Kirkes Hist. i Reformations-Aarh. S. 44 ff.<\/p>\n<div class=\"pdfprnt-buttons pdfprnt-buttons-page pdfprnt-bottom-right\"><a href=\"https:\/\/www.kilane-slekt.net\/nb_no\/wp-json\/wp\/v2\/pages\/1982?print=print\" class=\"pdfprnt-button pdfprnt-button-print\" target=\"_blank\"><img decoding=\"async\" src=\"https:\/\/www.kilane-slekt.net\/wp-content\/plugins\/pdf-print\/images\/print.png\" alt=\"image_print\" title=\"Print Content\" \/><span class=\"pdfprnt-button-title pdfprnt-button-print-title\">print<\/span><\/a><\/div>","protected":false},"excerpt":{"rendered":"<p>Biskop Jens Peders\u00f8n Schelderup\u00a0 Bergen domkirke Dansk Biografisk Leksikon, 1984, side 47: &laquo;Schjelderup, Jens Pedersen, omkring 1510-1582, Biskop, var f\u00f8dt i Jylland. Etter avsluttede Studier ved Universitetene i K\u00f8benhavn og Wittenberg fikk han f\u00f8rst betrodd en lavere l\u00e6rerstilling ved H\u00f8yskolen i Danmarks Hovedstad og ble derp\u00e5 omkring 1550 utnevnt til Professor i fysikk. Snart begynte [&hellip;]<\/p>\n","protected":false},"author":1,"featured_media":0,"parent":7648,"menu_order":42,"comment_status":"closed","ping_status":"closed","template":"no_sidebar.php","meta":{"footnotes":""},"class_list":["post-1982","page","type-page","status-publish","hentry"],"jetpack_sharing_enabled":true,"_links":{"self":[{"href":"https:\/\/www.kilane-slekt.net\/nb_no\/wp-json\/wp\/v2\/pages\/1982","targetHints":{"allow":["GET"]}}],"collection":[{"href":"https:\/\/www.kilane-slekt.net\/nb_no\/wp-json\/wp\/v2\/pages"}],"about":[{"href":"https:\/\/www.kilane-slekt.net\/nb_no\/wp-json\/wp\/v2\/types\/page"}],"author":[{"embeddable":true,"href":"https:\/\/www.kilane-slekt.net\/nb_no\/wp-json\/wp\/v2\/users\/1"}],"replies":[{"embeddable":true,"href":"https:\/\/www.kilane-slekt.net\/nb_no\/wp-json\/wp\/v2\/comments?post=1982"}],"version-history":[{"count":2,"href":"https:\/\/www.kilane-slekt.net\/nb_no\/wp-json\/wp\/v2\/pages\/1982\/revisions"}],"predecessor-version":[{"id":8220,"href":"https:\/\/www.kilane-slekt.net\/nb_no\/wp-json\/wp\/v2\/pages\/1982\/revisions\/8220"}],"up":[{"embeddable":true,"href":"https:\/\/www.kilane-slekt.net\/nb_no\/wp-json\/wp\/v2\/pages\/7648"}],"wp:attachment":[{"href":"https:\/\/www.kilane-slekt.net\/nb_no\/wp-json\/wp\/v2\/media?parent=1982"}],"curies":[{"name":"wp","href":"https:\/\/api.w.org\/{rel}","templated":true}]}}