{"id":5576,"date":"2020-08-05T07:17:12","date_gmt":"2020-08-05T07:17:12","guid":{"rendered":"https:\/\/ww2.fjeldskaar.com\/?page_id=5576"},"modified":"2021-06-16T22:14:19","modified_gmt":"2021-06-16T22:14:19","slug":"osten-og-karis-barn","status":"publish","type":"page","link":"https:\/\/www.kilane-slekt.net\/nb_no\/kilane-2\/osten-og-karis-barn\/","title":{"rendered":"\u00d8sten og Karis barn"},"content":{"rendered":"<p style=\"text-align: left;\"><a href=\"https:\/\/www.kilane-slekt.net\/kilane-2\/osten-og-kari\/\"><span style=\"color: #ccaa7a;\"><span style=\"font-size: 10pt; font-family: 'book antiqua', palatino;\">&lt; g\u00e5 tilbake<\/span><\/span><\/a><span style=\"color: #ccaa7a;\"><span style=\"font-size: 10pt; font-family: 'book antiqua', palatino;\">\u00a0 \u00a0 \u00a0 \u00a0 \u00a0 \u00a0 \u00a0 \u00a0 \u00a0 \u00a0 \u00a0 \u00a0 \u00a0 \u00a0 \u00a0 \u00a0 \u00a0 \u00a0 \u00a0 \u00a0 \u00a0 \u00a0 \u00a0 \u00a0 \u00a0 \u00a0 \u00a0 \u00a0 \u00a0 \u00a0 \u00a0 \u00a0 \u00a0 \u00a0 \u00a0 \u00a0 \u00a0 \u00a0 \u00a0 \u00a0 \u00a0 \u00a0 \u00a0 \u00a0 \u00a0 \u00a0 \u00a0 \u00a0 \u00a0 \u00a0 \u00a0 \u00a0 \u00a0 \u00a0 \u00a0 \u00a0 \u00a0 \u00a0 \u00a0 \u00a0 \u00a0 \u00a0 \u00a0 \u00a0 \u00a0 \u00a0 \u00a0 \u00a0 \u00a0 \u00a0 \u00a0 \u00a0 \u00a0 \u00a0 \u00a0 \u00a0 \u00a0 \u00a0 \u00a0 \u00a0 \u00a0\u00a0<\/span><\/span><\/p>\n<h1 style=\"text-align: center;\"><span style=\"font-size: 30pt; color: #806239; font-family: 'Great Vibes';\">\u00d8sten og Karis barn<\/span><\/h1>\n<p><a href=\"https:\/\/www.kilane-slekt.net\/wp-content\/uploads\/2021\/04\/osten5-1.png\"><img loading=\"lazy\" decoding=\"async\" class=\"aligncenter wp-image-8143\" src=\"https:\/\/www.kilane-slekt.net\/wp-content\/uploads\/2021\/04\/osten5-1-300x255.png\" alt=\"\" width=\"600\" height=\"511\" srcset=\"https:\/\/www.kilane-slekt.net\/wp-content\/uploads\/2021\/04\/osten5-1-300x255.png 300w, https:\/\/www.kilane-slekt.net\/wp-content\/uploads\/2021\/04\/osten5-1-768x654.png 768w, https:\/\/www.kilane-slekt.net\/wp-content\/uploads\/2021\/04\/osten5-1.png 953w\" sizes=\"auto, (max-width: 600px) 100vw, 600px\" \/><\/a><\/p>\n<p><span style=\"color: #333333;\"><em>Kari Jonesdtr Ytre Eiane og \u00d8ystein Torgersen Kilane med barna a. Sissela Tobia (1856-1929; g.m. \u00c5ge Hansen Vik), b. Jone (f. 1859; g.m. D\u00e5rthe Sofie Vik), c. Ole Johan (f. 1861), d. Berta Malena (1864-1932; g.m. Jacob Johannesen Dale), e. Martha Karina (1866-1949; g.m. Nils Kittelsen F\u00f8rre), f. Karoline (1869-1938; g.m. Edvard Torgersen), g. Torger (1871-1958; g.m. Marta Hanakam-Neset, Sand), h. \u00d8sten (1874-1971; g.m. Bertha Bjelland). Torger og \u00d8sten emigrerte til Amerika (se nedenfor). Foto fra Arthur Storbo, USA; Arthur Storbo er s\u00f8nn av Ester Kalheim Storbo, datter av Osten Kalheim og barnebarn av Jone Kalheim (se bilde nedenfor). <i>Trykk p\u00e5 bildet for \u00e5 se stor st\u00f8rrelse.\u00a0<\/i><\/em><\/span><\/p>\n<p><span style=\"color: #f7efd0;\">.<\/span><\/p>\n<p><a href=\"https:\/\/www.kilane-slekt.net\/wp-content\/uploads\/2021\/04\/karichart.png\"><img loading=\"lazy\" decoding=\"async\" class=\"aligncenter wp-image-8146\" src=\"https:\/\/www.kilane-slekt.net\/wp-content\/uploads\/2021\/04\/karichart-300x237.png\" alt=\"\" width=\"600\" height=\"473\" srcset=\"https:\/\/www.kilane-slekt.net\/wp-content\/uploads\/2021\/04\/karichart-300x237.png 300w, https:\/\/www.kilane-slekt.net\/wp-content\/uploads\/2021\/04\/karichart-1024x807.png 1024w, https:\/\/www.kilane-slekt.net\/wp-content\/uploads\/2021\/04\/karichart-768x606.png 768w, https:\/\/www.kilane-slekt.net\/wp-content\/uploads\/2021\/04\/karichart-1536x1211.png 1536w, https:\/\/www.kilane-slekt.net\/wp-content\/uploads\/2021\/04\/karichart-2048x1615.png 2048w\" sizes=\"auto, (max-width: 600px) 100vw, 600px\" \/><\/a><\/p>\n<p><span style=\"color: #f7efd0;\">.<\/span><\/p>\n<p><span style=\"color: #f7efd0;\">.<\/span><\/p>\n<h2><span style=\"color: #806239; font-size: 24pt; font-family: 'Great Vibes';\"><strong>1. Seselia Tobia <\/strong>(1856-1929)<\/span><\/h2>\n<p><span style=\"color: #333333;\">gift med \u00c5ge Hansen Vik br.n. 1b Atletveit, Ombo, men flytta i eldre \u00e5r til \u00d8ye i Hjelmeland, der de d\u00f8de barnl\u00f8se.<\/span><\/p>\n<p><span style=\"color: #f7efd0;\">.<\/span><\/p>\n<h2><span style=\"color: #806239; font-size: 24pt; font-family: 'Great Vibes';\"><strong>2. Torger <\/strong>(1858-1870)<\/span><\/h2>\n<p><span style=\"color: #333333;\">Odelsgutten Torger d\u00f8de bare 12 \u00e5r gammel i 1870. Det fortelles at han var ute og sprang etter dyrene i bakkene, da han fikk et steinras over seg; &laquo;Bortrevet af et stenskred og sterkt forslaaet, dog levde han 24 timer med bevidsthet i de f\u00f8rste 15 Timer&raquo;, st\u00e5r det i kirkeboka.<\/span><br \/>\n<span style=\"color: #333333;\"><a style=\"color: #333333;\" href=\"https:\/\/ww2.fjeldskaar.com\/wp-content\/uploads\/2020\/08\/torger2.jpg\"><img loading=\"lazy\" decoding=\"async\" src=\"https:\/\/ww2.fjeldskaar.com\/wp-content\/uploads\/2020\/08\/torger2.jpg\" alt=\"\" width=\"571\" height=\"84\" \/> <\/a><a style=\"color: #333333;\" href=\"https:\/\/ww2.fjeldskaar.com\/wp-content\/uploads\/2020\/08\/torger3.jpg\"><img loading=\"lazy\" decoding=\"async\" src=\"https:\/\/ww2.fjeldskaar.com\/wp-content\/uploads\/2020\/08\/torger3.jpg\" alt=\"\" width=\"241\" height=\"114\" \/><\/a><\/span><\/p>\n<p style=\"text-align: center;\"><span style=\"color: #333333;\">Fra kirkeboken i Jelsa, om Torgers d\u00f8d i 1870<\/span><\/p>\n<h2><\/h2>\n<h2><span style=\"color: #f7efd0;\"><strong>.<\/strong><\/span><\/h2>\n<h2><span style=\"color: #806239; font-size: 24pt; font-family: 'Great Vibes';\"><strong>3. Jone <\/strong>(1859-1937)<\/span><\/h2>\n<p><span style=\"color: #333333;\">gift med D\u00e5rthe Hansen Vik (1856-1937).<\/span><\/p>\n<p align=\"center\"><span style=\"color: #333333;\"><img loading=\"lazy\" decoding=\"async\" class=\"alignnone size-full wp-image-8311\" src=\"https:\/\/ww2.fjeldskaar.com\/wp-content\/uploads\/2020\/11\/jone_Daarthe.jpg\" alt=\"\" width=\"300\" height=\"188\" \/><\/span><\/p>\n<p style=\"text-align: justify;\" align=\"center\"><span style=\"color: #333333;\">Jone Kalheim med kone D\u00e5rthe Sofie Vik (foto fra Arthur Storbo, USA). Etter at broren Torger d\u00f8de, gikk odelen p\u00e5 Kilane over til Jone, men han valgte \u00e5 flytte til Ombo hvor D\u00e5rthe kom fra. Han kj\u00f8pte g\u00e5rden Kalheim som var til salgs i 1885 og tok selv navnet Kalheim.\u00a0<\/span><\/p>\n<p align=\"center\"><span style=\"color: #333333;\"><a style=\"color: #333333;\" href=\"https:\/\/ww2.fjeldskaar.com\/wp-content\/uploads\/2020\/08\/jone2.png\"><img loading=\"lazy\" decoding=\"async\" src=\"https:\/\/ww2.fjeldskaar.com\/wp-content\/uploads\/2020\/08\/jone2.png\" alt=\"\" width=\"330\" height=\"405\" \/><\/a><\/span><\/p>\n<h2><\/h2>\n<h2><span style=\"color: #f7efd0;\"><strong>.<\/strong><\/span><\/h2>\n<h2><span style=\"color: #806239; font-size: 24pt; font-family: 'Great Vibes';\"><strong>4. Ole Johan<\/strong> (1861-1946)<\/span><\/h2>\n<p><span style=\"color: #333333;\">gift med Inger Jonesdtr \u00a0Eiane (1871-1935). Se mer <a href=\"https:\/\/www.kilane-slekt.net\/eiane\/kilane-2\/\"><strong>her<\/strong><\/a>.<\/span><\/p>\n<p>&nbsp;<\/p>\n<p>&nbsp;<\/p>\n<h2><span style=\"color: #f7efd0;\"><strong>.<\/strong><\/span><\/h2>\n<h2><span style=\"color: #806239; font-size: 24pt; font-family: 'Great Vibes';\"><strong>5. Bertha Malena<\/strong> (1864-1932)<\/span><\/h2>\n<p style=\"text-align: center;\"><span style=\"color: #333333;\">gift med Jacob Johannessen Dale, Hjelmeland<\/span><br \/>\n<a href=\"https:\/\/ww2.fjeldskaar.com\/wp-content\/uploads\/2020\/11\/berta_johs.jpg\"><img loading=\"lazy\" decoding=\"async\" class=\"alignnone wp-image-8313\" src=\"https:\/\/ww2.fjeldskaar.com\/wp-content\/uploads\/2020\/11\/berta_johs.jpg\" alt=\"\" width=\"264\" height=\"421\" \/><\/a><br \/>\n<span style=\"color: #333333;\">Berta Malene og Jacob Johannesen Dale med sine to eldste barn Johannes og Anna hos fotografen i 1890. Foto fra Ryfylkemuseet (RFF1986-063-004).<\/span><\/p>\n<p style=\"padding-left: 160px;\"><a style=\"color: #333333;\" href=\"https:\/\/ww2.fjeldskaar.com\/wp-content\/uploads\/2020\/08\/berta.png\"><img loading=\"lazy\" decoding=\"async\" class=\"alignleft\" src=\"https:\/\/ww2.fjeldskaar.com\/wp-content\/uploads\/2020\/08\/berta.png\" alt=\"\" width=\"318\" height=\"299\" \/><\/a><\/p>\n<p><span style=\"color: #333333;\"><a style=\"color: #333333;\" href=\"https:\/\/ww2.fjeldskaar.com\/wp-content\/uploads\/2020\/08\/berta.png\">\u00a0<\/a><\/span><\/p>\n<p>&nbsp;<\/p>\n<p>&nbsp;<\/p>\n<p><span style=\"color: #f7efd0;\">.<\/span><\/p>\n<p><span style=\"color: #f7efd0;\">.<\/span><\/p>\n<p><span style=\"color: #f7efd0;\">,<\/span><\/p>\n<p>&nbsp;<\/p>\n<p><span style=\"color: #333333;\"><a style=\"color: #333333;\" href=\"https:\/\/ww2.fjeldskaar.com\/wp-content\/uploads\/2020\/08\/berta.png\"><em>[1]<\/em><\/a><\/span><\/p>\n<h2><\/h2>\n<h2><\/h2>\n<h2><\/h2>\n<p>&nbsp;<\/p>\n<h2><span style=\"color: #f7efd0;\"><strong>.<\/strong><\/span><\/h2>\n<h2><span style=\"color: #f7efd0;\"><strong>.<\/strong><\/span><\/h2>\n<h2><span style=\"color: #f7efd0;\"><strong>.<\/strong><\/span><\/h2>\n<h2><span style=\"color: #806239; font-size: 24pt; font-family: 'Great Vibes';\"><strong>6. Martha Karina<\/strong> (1866-1949)<\/span><\/h2>\n<p><span style=\"color: #333333;\">gift med Nils Kittelsen F\u00f8rre, \u00d8ye i Hjelmeland<\/span><\/p>\n<p style=\"text-align: center;\"><span style=\"color: #333333;\"><a style=\"color: #333333;\" href=\"https:\/\/ww2.fjeldskaar.com\/wp-content\/uploads\/2020\/08\/Nils_Martha1.png\"><img loading=\"lazy\" decoding=\"async\" src=\"https:\/\/ww2.fjeldskaar.com\/wp-content\/uploads\/2020\/08\/Nils_Martha1.png\" alt=\"\" width=\"310\" height=\"498\" \/><\/a><a style=\"color: #333333;\" href=\"https:\/\/ww2.fjeldskaar.com\/wp-content\/uploads\/2020\/08\/download.png\">\u00a0 <img loading=\"lazy\" decoding=\"async\" src=\"https:\/\/ww2.fjeldskaar.com\/wp-content\/uploads\/2020\/08\/download.png\" alt=\"\" width=\"410\" height=\"286\" \/><\/a><\/span><\/p>\n<p style=\"text-align: center;\"><span style=\"color: #333333;\">Til venstre: brudebilde (1894) av Nils Kittelsen f. 1865, Marta \u00d8stendtr. f. 1866. Bruker p\u00e5 bnr. 10 p\u00e5 \u00d8ye p\u00e5 Rand\u00f8y. Til h\u00f8yre: familiebilde. Nils F\u00f8rre (1865-1928) m.fam. Kona: Martha f. Kilane (f.1866-1949). Borna fr\u00e5 v. Ketil, Gurine, Klara og Martha mellom foreldra. Sonen Nils (f.1910) er ikke f\u00f8dt da bildet ble tatt. Foto fra Ryfylkemuseet (RFF1986-260-006 og RFF1986-196-005)<\/span><\/p>\n<p style=\"text-align: center;\"><span style=\"color: #333333;\">Barn:<\/span><br \/>\n<span style=\"color: #333333;\">Kittel, f. 1895<\/span><br \/>\n<span style=\"color: #333333;\">Gurina, f. 1896<\/span><br \/>\n<span style=\"color: #333333;\">\u00d8sten, f. 1899<\/span><br \/>\n<span style=\"color: #333333;\">Klara, f. 1901<\/span><br \/>\n<span style=\"color: #333333;\">Marta, f. 1905<\/span><br \/>\n<span style=\"color: #333333;\">Nils, f. 1910<\/span><\/p>\n<p><span style=\"color: #333333;\">Nils emigrerte til Amerika i 1883. Etter ti \u00e5r kom han tilbake og kj\u00f8pte et bruk av Hans Hansson. Fra <em>[1]<\/em><\/span><\/p>\n<p>&nbsp;<\/p>\n<h2><span style=\"color: #f7efd0;\"><strong>.<\/strong><\/span><\/h2>\n<h2><span style=\"color: #806239; font-size: 24pt; font-family: 'Great Vibes';\"><strong>7. Karoline<\/strong> (1869-1938)<\/span><\/h2>\n<p><span style=\"color: #333333;\">gift med snekker Edvard Torgersen, H\u00e5landsosen, bygseltomt p\u00e5 Hauasundet under Er\u00f8yn\u00e5. Ingen barn.<\/span><br \/>\n<span style=\"color: #333333;\">Fra folketellingen 1910:<\/span><\/p>\n<p style=\"text-align: center;\"><span style=\"color: #333333;\"><a style=\"color: #333333;\" href=\"https:\/\/ww2.fjeldskaar.com\/wp-content\/uploads\/2020\/08\/karoline3.png\"><img loading=\"lazy\" decoding=\"async\" src=\"https:\/\/ww2.fjeldskaar.com\/wp-content\/uploads\/2020\/08\/karoline3.png\" alt=\"\" width=\"540\" height=\"157\" \/><\/a><\/span><\/p>\n<p style=\"text-align: center;\"><span style=\"color: #333333;\"><a style=\"color: #333333;\" href=\"https:\/\/ww2.fjeldskaar.com\/wp-content\/uploads\/2020\/08\/karoline2.png\"><img loading=\"lazy\" decoding=\"async\" src=\"https:\/\/ww2.fjeldskaar.com\/wp-content\/uploads\/2020\/08\/karoline2.png\" alt=\"\" width=\"500\" height=\"104\" \/><\/a><\/span><\/p>\n<h2><\/h2>\n<h2><span style=\"color: #f7efd0;\"><strong>.<\/strong><\/span><\/h2>\n<h2><span style=\"color: #806239; font-size: 24pt; font-family: 'Great Vibes';\"><strong>8. Torger <\/strong>(1871-1958)<\/span><\/h2>\n<p><img loading=\"lazy\" decoding=\"async\" class=\"alignnone size-full wp-image-8315 aligncenter\" src=\"https:\/\/ww2.fjeldskaar.com\/wp-content\/uploads\/2020\/11\/torger4.png\" alt=\"\" width=\"185\" height=\"306\" \/><\/p>\n<p><span style=\"color: #333333;\">gift med Marta Haugen, Tagus, North Dakota. Ingen barn<\/span><br \/>\n<span style=\"color: #333333;\">Torger og Marta let etter seg m.a. eit arvebrev, som gjev Erfjord herad og Sand herad kvar 10 000 dollar. Gava skal nyttast til <em>bate for gamle<\/em> i kvar bygd. (Fra\u00a0Erfjord Bygdebok, 1959)<\/span><\/p>\n<h6 style=\"text-align: center;\"><span style=\"color: #333333;\"><a style=\"color: #333333;\" href=\"https:\/\/ww2.fjeldskaar.com\/wp-content\/uploads\/2015\/05\/torger_Kilene.png\"><img loading=\"lazy\" decoding=\"async\" class=\"aligncenter\" src=\"https:\/\/ww2.fjeldskaar.com\/wp-content\/uploads\/2015\/05\/torger_Kilene-300x238.png\" alt=\"torger_Kilene\" width=\"300\" height=\"238\" \/><\/a><\/span><br \/>\n<span style=\"color: #333333;\">Fra Arthur Storbo; oldebarnet til Jone, bror av Johan Kilane<\/span><\/h6>\n<p style=\"text-align: center;\"><a href=\"https:\/\/ww2.fjeldskaar.com\/wp-content\/uploads\/2020\/08\/output-onlinepngtools-2020-08-30T123002.843.png\"><img loading=\"lazy\" decoding=\"async\" class=\"alignnone wp-image-7453\" src=\"https:\/\/ww2.fjeldskaar.com\/wp-content\/uploads\/2020\/08\/output-onlinepngtools-2020-08-30T123002.843.png\" alt=\"\" width=\"450\" height=\"339\" srcset=\"https:\/\/www.kilane-slekt.net\/wp-content\/uploads\/2020\/08\/output-onlinepngtools-2020-08-30T123002.843.png 863w, https:\/\/www.kilane-slekt.net\/wp-content\/uploads\/2020\/08\/output-onlinepngtools-2020-08-30T123002.843-300x226.png 300w, https:\/\/www.kilane-slekt.net\/wp-content\/uploads\/2020\/08\/output-onlinepngtools-2020-08-30T123002.843-768x578.png 768w\" sizes=\"auto, (max-width: 450px) 100vw, 450px\" \/><\/a><\/p>\n<h2><\/h2>\n<h2><span style=\"color: #f7efd0;\"><strong>.<\/strong><\/span><\/h2>\n<h2><span style=\"color: #806239; font-size: 24pt; font-family: 'Great Vibes';\"><strong>9. \u00d8sten<\/strong> (1874-1971)<\/span><\/h2>\n<p><img loading=\"lazy\" decoding=\"async\" class=\"alignnone size-full wp-image-8317 aligncenter\" src=\"https:\/\/ww2.fjeldskaar.com\/wp-content\/uploads\/2020\/11\/osten5-2.png\" alt=\"\" width=\"200\" height=\"313\" \/><\/p>\n<p><span style=\"color: #333333;\">gift med Berta Bjelland, Berthold, North Dakota.<\/span><\/p>\n<p><span style=\"color: #333333;\">&laquo;My grandfather was Osten, the youngest of Johan\u2019s siblings.\u00a0 Osten was born in 1874 and came to America with his brother Torger in the 1890\u2019s.\u00a0 He spent some time working in a gold mine in Colorado and also spent some time in the Mayville area as that is where he met my grandmother Bertha Bjelland who was born near Hjelmeland.\u00a0 I believe the other connection to the Mayville area was perhaps other Norwegians from the Erfjord and Hjelmeland area who moved there.\u00a0 Osten and Bertha married and moved to a farm near Berthold, North Dakota. Brother Torger ended up in another farm about 15 miles away; he had no children.<\/span><\/p>\n<p><span style=\"color: #333333;\">Osten and Bertha had 8 children &#8211; 6 who lived to be adults: Clara, Bernt, Anna, Oscar, <a style=\"color: #333333;\" href=\"https:\/\/ww2.fjeldskaar.com\/wp-content\/uploads\/2020\/08\/ElmerKilane.pdf\">Elmer<\/a>, Lilly (they are all deceased). My father was Elmer who took over the farm from Osten and my siblings are Dennis, Sheila, and Keith.\u00a0 Keith still farms the land but does not live on the farm. Bernt took over Torger\u2019s farm near Tagus.&raquo; (from Bryce Kilene, USA).<\/span><\/p>\n<p style=\"text-align: center;\"><a href=\"https:\/\/ww2.fjeldskaar.com\/wp-content\/uploads\/2020\/08\/output-onlinepngtools-2020-08-30T123201.773.png\"><img loading=\"lazy\" decoding=\"async\" class=\"alignnone wp-image-7455\" src=\"https:\/\/ww2.fjeldskaar.com\/wp-content\/uploads\/2020\/08\/output-onlinepngtools-2020-08-30T123201.773.png\" alt=\"\" width=\"459\" height=\"349\" srcset=\"https:\/\/www.kilane-slekt.net\/wp-content\/uploads\/2020\/08\/output-onlinepngtools-2020-08-30T123201.773.png 859w, https:\/\/www.kilane-slekt.net\/wp-content\/uploads\/2020\/08\/output-onlinepngtools-2020-08-30T123201.773-300x228.png 300w, https:\/\/www.kilane-slekt.net\/wp-content\/uploads\/2020\/08\/output-onlinepngtools-2020-08-30T123201.773-768x585.png 768w\" sizes=\"auto, (max-width: 459px) 100vw, 459px\" \/><\/a><\/p>\n<div id=\"attachment_2198\" style=\"width: 292px\" class=\"wp-caption aligncenter\"><a style=\"color: #333333;\" href=\"https:\/\/ww2.fjeldskaar.com\/wp-content\/uploads\/2015\/05\/Osten_Kilene3.png\"><img loading=\"lazy\" decoding=\"async\" aria-describedby=\"caption-attachment-2198\" src=\"https:\/\/ww2.fjeldskaar.com\/wp-content\/uploads\/2015\/05\/Osten_Kilene3-282x300.png\" alt=\"Osten_Kilene3\" width=\"282\" height=\"300\" \/><\/a><p id=\"caption-attachment-2198\" class=\"wp-caption-text\"><span style=\"color: #333333;\">Fra Arthur Storbo; oldebarnet til Jone, bror av Johan Kilane<\/span><\/p><\/div>\n<p style=\"text-align: center;\"><span style=\"color: #333333;\"><a style=\"color: #333333;\" href=\"https:\/\/ww2.fjeldskaar.com\/wp-content\/uploads\/2020\/08\/Berta_grav2.jpg\"><img loading=\"lazy\" decoding=\"async\" src=\"https:\/\/ww2.fjeldskaar.com\/wp-content\/uploads\/2020\/08\/Berta_grav2.jpg\" alt=\"\" width=\"340\" height=\"255\" \/><\/a><\/span><\/p>\n<h6 style=\"text-align: center;\"><span style=\"color: #333333;\"><a style=\"color: #333333;\" href=\"https:\/\/ww2.fjeldskaar.com\/wp-content\/uploads\/2020\/08\/Berta_grav.jpg\"><img loading=\"lazy\" decoding=\"async\" src=\"https:\/\/ww2.fjeldskaar.com\/wp-content\/uploads\/2020\/08\/Berta_grav.jpg\" alt=\"\" width=\"240\" height=\"180\" \/><\/a> <a style=\"color: #333333;\" href=\"https:\/\/ww2.fjeldskaar.com\/wp-content\/uploads\/2020\/08\/osten_grav.jpg\"><img loading=\"lazy\" decoding=\"async\" src=\"https:\/\/ww2.fjeldskaar.com\/wp-content\/uploads\/2020\/08\/osten_grav.jpg\" alt=\"\" width=\"240\" height=\"180\" \/><\/a><\/span><\/h6>\n<p><span style=\"color: #f7efd0;\">.<\/span><\/p>\n<p style=\"text-align: right;\"><span style=\"color: #ccaa7a;\"><span style=\"font-size: 10pt; font-family: 'book antiqua', palatino;\">\u00a0 \u00a0\u00a0<\/span><\/span><a href=\"https:\/\/www.kilane-slekt.net\/eiane\/kilane-2\/\"><span style=\"color: #ccaa7a;\"><span style=\"font-size: 10pt; font-family: 'book antiqua', palatino;\">&gt; g\u00e5 til Inger og Johan<\/span><\/span><\/a><\/p>\n<p><span style=\"color: #f7efd0;\">.<\/span><\/p>\n<p>&nbsp;<\/p>\n<p><strong>Referanse<\/strong><\/p>\n<p><span style=\"color: #808080;\"><em>[1] Hjelmeland &#8211; gardar og folk (Brandal 1989\/2005)<\/em><\/span><\/p>\n<div class=\"pdfprnt-buttons pdfprnt-buttons-page pdfprnt-bottom-right\"><a href=\"https:\/\/www.kilane-slekt.net\/nb_no\/wp-json\/wp\/v2\/pages\/5576?print=print\" class=\"pdfprnt-button pdfprnt-button-print\" target=\"_blank\"><img decoding=\"async\" src=\"https:\/\/www.kilane-slekt.net\/wp-content\/plugins\/pdf-print\/images\/print.png\" alt=\"image_print\" title=\"Print Content\" \/><span class=\"pdfprnt-button-title pdfprnt-button-print-title\">print<\/span><\/a><\/div>","protected":false},"excerpt":{"rendered":"<p>&lt; g\u00e5 tilbake\u00a0 \u00a0 \u00a0 \u00a0 \u00a0 \u00a0 \u00a0 \u00a0 \u00a0 \u00a0 \u00a0 \u00a0 \u00a0 \u00a0 \u00a0 \u00a0 \u00a0 \u00a0 \u00a0 \u00a0 \u00a0 \u00a0 \u00a0 \u00a0 \u00a0 \u00a0 \u00a0 \u00a0 \u00a0 \u00a0 \u00a0 \u00a0 \u00a0 \u00a0 \u00a0 \u00a0 \u00a0 \u00a0 \u00a0 \u00a0 \u00a0 \u00a0 \u00a0 \u00a0 \u00a0 \u00a0 \u00a0 \u00a0 \u00a0 \u00a0 \u00a0 \u00a0 \u00a0 [&hellip;]<\/p>\n","protected":false},"author":1,"featured_media":0,"parent":2595,"menu_order":6,"comment_status":"closed","ping_status":"closed","template":"no_sidebar.php","meta":{"footnotes":""},"class_list":["post-5576","page","type-page","status-publish","hentry"],"jetpack_sharing_enabled":true,"_links":{"self":[{"href":"https:\/\/www.kilane-slekt.net\/nb_no\/wp-json\/wp\/v2\/pages\/5576","targetHints":{"allow":["GET"]}}],"collection":[{"href":"https:\/\/www.kilane-slekt.net\/nb_no\/wp-json\/wp\/v2\/pages"}],"about":[{"href":"https:\/\/www.kilane-slekt.net\/nb_no\/wp-json\/wp\/v2\/types\/page"}],"author":[{"embeddable":true,"href":"https:\/\/www.kilane-slekt.net\/nb_no\/wp-json\/wp\/v2\/users\/1"}],"replies":[{"embeddable":true,"href":"https:\/\/www.kilane-slekt.net\/nb_no\/wp-json\/wp\/v2\/comments?post=5576"}],"version-history":[{"count":15,"href":"https:\/\/www.kilane-slekt.net\/nb_no\/wp-json\/wp\/v2\/pages\/5576\/revisions"}],"predecessor-version":[{"id":8347,"href":"https:\/\/www.kilane-slekt.net\/nb_no\/wp-json\/wp\/v2\/pages\/5576\/revisions\/8347"}],"up":[{"embeddable":true,"href":"https:\/\/www.kilane-slekt.net\/nb_no\/wp-json\/wp\/v2\/pages\/2595"}],"wp:attachment":[{"href":"https:\/\/www.kilane-slekt.net\/nb_no\/wp-json\/wp\/v2\/media?parent=5576"}],"curies":[{"name":"wp","href":"https:\/\/api.w.org\/{rel}","templated":true}]}}