{"id":8127,"date":"2021-04-02T07:41:05","date_gmt":"2021-04-02T07:41:05","guid":{"rendered":"https:\/\/www.kilane-slekt.net\/?page_id=8127"},"modified":"2023-02-21T15:27:13","modified_gmt":"2023-02-21T15:27:13","slug":"osten-og-kari","status":"publish","type":"page","link":"https:\/\/www.kilane-slekt.net\/nb_no\/kilane-2\/osten-og-kari\/","title":{"rendered":"\u00d8sten og Kari"},"content":{"rendered":"<p style=\"text-align: left;\"><span style=\"font-size: 8pt;\"><span style=\"font-size: 10pt;\"><a href=\"https:\/\/www.kilane-slekt.net\/kilane-2\/\"><span style=\"color: #ccaa7a;\"><span style=\"font-family: 'book antiqua', palatino;\">&lt; g\u00e5 til Kari og \u00d8stens<\/span><\/span><span style=\"color: #ccaa7a;\"><span style=\"font-family: 'book antiqua', palatino;\">\u00a0aner<\/span><\/span><\/a><\/span><span style=\"color: #ccaa7a;\"><span style=\"font-family: 'book antiqua', palatino;\"><span style=\"font-size: 10pt;\">\u00a0 \u00a0<\/span> \u00a0 \u00a0 \u00a0 \u00a0 \u00a0 \u00a0 \u00a0 \u00a0 \u00a0 \u00a0 \u00a0 \u00a0 \u00a0 \u00a0 \u00a0 \u00a0 \u00a0 \u00a0 \u00a0 \u00a0 \u00a0 \u00a0 \u00a0 \u00a0 \u00a0 \u00a0 \u00a0 \u00a0 \u00a0 \u00a0 \u00a0 \u00a0 \u00a0 \u00a0 \u00a0 \u00a0 \u00a0 \u00a0 \u00a0 \u00a0 \u00a0 \u00a0 \u00a0 \u00a0 \u00a0 \u00a0 \u00a0 \u00a0 \u00a0 \u00a0 \u00a0 \u00a0 \u00a0 \u00a0 \u00a0 \u00a0 \u00a0 \u00a0 \u00a0 \u00a0 \u00a0<\/span><\/span><\/span><\/p>\n<h2><span style=\"color: #f7efd0; font-size: 24pt;\">.<\/span><span style=\"color: #f7efd0; font-size: 24pt;\">.<\/span><\/h2>\n<h2 style=\"text-align: center;\"><span style=\"color: #806239; font-size: 24pt; font-family: 'Great Vibes';\">Kari Jonsdtr. Eiane og \u00d8sten Torgeirson Kilane<\/span><\/h2>\n<p><span style=\"color: #f7efd0;\">.<\/span><\/p>\n<p align=\"center\"><a href=\"https:\/\/www.kilane-slekt.net\/wp-content\/uploads\/2021\/05\/Remini20210506203250826-scaled.jpg\"><img loading=\"lazy\" decoding=\"async\" class=\"alignnone wp-image-8232\" src=\"https:\/\/www.kilane-slekt.net\/wp-content\/uploads\/2021\/05\/Remini20210506203250826-300x204.jpg\" alt=\"\" width=\"650\" height=\"442\" srcset=\"https:\/\/www.kilane-slekt.net\/wp-content\/uploads\/2021\/05\/Remini20210506203250826-300x204.jpg 300w, https:\/\/www.kilane-slekt.net\/wp-content\/uploads\/2021\/05\/Remini20210506203250826-1024x697.jpg 1024w, https:\/\/www.kilane-slekt.net\/wp-content\/uploads\/2021\/05\/Remini20210506203250826-768x522.jpg 768w, https:\/\/www.kilane-slekt.net\/wp-content\/uploads\/2021\/05\/Remini20210506203250826-1536x1045.jpg 1536w, https:\/\/www.kilane-slekt.net\/wp-content\/uploads\/2021\/05\/Remini20210506203250826-2048x1393.jpg 2048w\" sizes=\"auto, (max-width: 650px) 100vw, 650px\" \/><\/a><\/p>\n<p align=\"center\"><span style=\"color: #333333;\"><em>Kari Jonsdtr. Eiane og \u00d8sten Torgeirson Kilane (mor og far til Johan). Foto fra Harriet Kilane Garborg.<\/em><\/span><\/p>\n<p align=\"center\"><img loading=\"lazy\" decoding=\"async\" class=\"alignnone size-medium wp-image-9008\" src=\"https:\/\/www.kilane-slekt.net\/wp-content\/uploads\/2023\/02\/ostenT2.png\" alt=\"\" width=\"300\" height=\"69\" srcset=\"https:\/\/www.kilane-slekt.net\/wp-content\/uploads\/2023\/02\/ostenT2.png 300w, https:\/\/www.kilane-slekt.net\/wp-content\/uploads\/2023\/02\/ostenT2-18x4.png 18w\" sizes=\"auto, (max-width: 300px) 100vw, 300px\" \/>.<\/p>\n<p style=\"text-align: justify;\"><span style=\"color: #333333;\">Den 20 \u00e5r gamle <a style=\"color: #333333;\" href=\"http:\/\/wp.me\/P6aoJ2-7T\">\u00d8sten Torgeirsen<\/a> (se <span style=\"font-size: 14pt;\"><strong><a href=\"https:\/\/www.kilane-slekt.net\/nb_no\/kilane-2\/\">her<\/a><\/strong><\/span> for \u00d8stens aner) giftet seg i 1855 i Hjelmeland med nabojenta Kari Jonesdtr Ytre Eiadn, som var tre \u00e5r eldre enn han. De var gift i 60 \u00e5r, fram til hun d\u00f8de i 1915, og de fikk 9 barn mellom 1856 og 1874. Se mer om barna <a href=\"https:\/\/www.kilane-slekt.net\/kilane-2\/osten-og-karis-barn\/\"><strong>her<\/strong><\/a>.<\/span><\/p>\n<p style=\"text-align: justify;\"><span style=\"color: #333333;\">\u00d8sten Kiladn var misjonsinteressert. I boet hans av 1923 ligger det kvitteringer for gaver p\u00e5 100 kr b\u00e5de til Misjonsselskapet (se nedenfor) og til Lappemisjonen (&laquo;den Otterbechske&raquo;; se nedenfor). Han holdt seg alts\u00e5 til de &laquo;kirkelige misjonsbevegelsene&raquo;. Han var ogs\u00e5 prestemedhjelper tidlig p\u00e5 1870-tallet. Prestemedhjelper (eller degn) er en som assisterte presten under gudstjenesten og ledet salmesangen. I tillegg til \u00e5 hjelpe presten med gudstjenesten, holdt degnen ogs\u00e5 i mange tilfeller bibelundervisning for sognets barn og unge.<\/span><\/p>\n<p><img loading=\"lazy\" decoding=\"async\" class=\"size-medium wp-image-8589 aligncenter\" src=\"https:\/\/www.kilane-slekt.net\/wp-content\/uploads\/2022\/12\/erfj1-300x185.jpg\" alt=\"\" width=\"300\" height=\"185\" srcset=\"https:\/\/www.kilane-slekt.net\/wp-content\/uploads\/2022\/12\/erfj1-300x185.jpg 300w, https:\/\/www.kilane-slekt.net\/wp-content\/uploads\/2022\/12\/erfj1-18x12.jpg 18w, https:\/\/www.kilane-slekt.net\/wp-content\/uploads\/2022\/12\/erfj1.jpg 661w\" sizes=\"auto, (max-width: 300px) 100vw, 300px\" \/><\/p>\n<p style=\"text-align: center;\"><em>Erfjord kirke, bygget 1877<\/em><\/p>\n<p style=\"text-align: justify;\"><span style=\"color: #333333;\">\u00d8sten Kiladn d\u00f8de i stor velstand. J\u00f8rgen Aas husker at han var i begravelsen hans, som varte over to dager. Et par \u00e5r f\u00f8r \u00d8sten overtok g\u00e5rden i 1855, hadde faren sagt opp det gamle sagbruksprivilegiet av 1817. Det ble gjort i en tingslysning av 1853. En ny lov av 1818 gav sagbrukseier likevel lov til \u00e5 sage bord, og det ville Torger benytte seg av framover. \u00d8sten blir i 1891 nevnt som &laquo;Sagbrukseier&raquo; i tillegg til g\u00e5rdsdriften. Det betyr nok at han hadde f\u00e5tt installert sirkelsag p\u00e5 sagbruket. Han saget ogs\u00e5 til eget bruk, og tidlig p\u00e5 1860-tallet hadde \u00d8sten bygd b\u00e5de ny l\u00f8e og nytt v\u00e5ningshus; begge skal ha st\u00e5tt ferdige i 1863. [1]<\/span><\/p>\n<p><span style=\"font-size: 10pt;\"><strong><img loading=\"lazy\" decoding=\"async\" class=\"wp-image-8579 alignleft\" src=\"https:\/\/www.kilane-slekt.net\/wp-content\/uploads\/2022\/12\/ottere-252x300.png\" alt=\"\" width=\"80\" height=\"95\" srcset=\"https:\/\/www.kilane-slekt.net\/wp-content\/uploads\/2022\/12\/ottere-252x300.png 252w, https:\/\/www.kilane-slekt.net\/wp-content\/uploads\/2022\/12\/ottere-10x12.png 10w, https:\/\/www.kilane-slekt.net\/wp-content\/uploads\/2022\/12\/ottere.png 302w\" sizes=\"auto, (max-width: 80px) 100vw, 80px\" \/>Lappemisjonen<\/strong> stammer fra Jens Otterbech som var prest i Finnmark, p\u00e5 Nordm\u00f8re og i Rogaland. Han hadde et radikalt lekmannssyn, men var mest kjent for sin kj\u00e6rlighet til det samiske folk. B\u00e5de deres frelse, og menneskelige rettigheter var saker han brant for. Han var kritisk til den fornorskningsprosessen som norske myndigheter hadde satt i gang overfor samene. Og han var med p\u00e5 \u00e5 starte det samiske oppbyggelsesbladet \u00abSami Usteb\u00bb, p\u00e5 norsk \u00abLappenes venn\u00bb, i april 1899. Jens Otterbech var residerende kapellan i Hetland prosti fra1909 til 1919 (Ref. <a href=\"http:\/\/blogg-ove.blogspot.com\/2021\/11\/jens-otterbech-samenes-venn.html\">Ove Sandvik blogpost<\/a>).<\/span><\/p>\n<p><span style=\"font-size: 10pt;\"><strong><img loading=\"lazy\" decoding=\"async\" class=\"alignleft wp-image-8577\" src=\"https:\/\/www.kilane-slekt.net\/wp-content\/uploads\/2022\/12\/nms.png\" alt=\"\" width=\"70\" height=\"75\" srcset=\"https:\/\/www.kilane-slekt.net\/wp-content\/uploads\/2022\/12\/nms.png 93w, https:\/\/www.kilane-slekt.net\/wp-content\/uploads\/2022\/12\/nms-11x12.png 11w\" sizes=\"auto, (max-width: 70px) 100vw, 70px\" \/>Det Norske Misjonsselskap<\/strong> (<a href=\"http:\/\/www.nms.no\">NMS.no<\/a>) er en luthersk misjonsorganisasjon som ble stiftet 8. august 1842 i Stavanger. Det er Norges f\u00f8rste og eldste misjonsorganisasjon. Selskapet etablerte og eide Misjonsh\u00f8gskolen (tidligere Misjonsskolen) i Stavanger. I 1843 samlet organisasjonen seg rundt utsendelsen av den f\u00f8rste norske misjon\u00e6r Hans Schreuder til Zululand i dagens S\u00f8r-Afrika. NMS samarbeider med kirker i 16 land p\u00e5 fire kontinenter og har ca. 40 misjon\u00e6rer i arbeid (2017). I de fleste av disse landene har livskraftige kristne kirker vokst fram som et resultat av arbeidet. NMS har i dag tre fokusomr\u00e5der, 1) dele troen p\u00e5 Jesus, 2) utrydde fattigdom og 3) bekjempe urettferdighet.<\/span><\/p>\n<p>&laquo;<em>Dei var religi\u00f8se p\u00e5 sin eigen naturlige m\u00e5te, dei gamle. Med stor age og vyrdnad kom dei til Guds hus og h\u00f8yrde preika kvar preikesundag, ja om det s\u00e5 var mila \u00e5 g\u00e5 eller ro. Dei gjekk alvorsame til kyrkja. Det var skikk i fleire bygder at mennene letta p\u00e5 hatten n\u00e5r dei gjekk gjennom kyrkjeporten og inn p\u00e5 vigd jord. Og med \u00e5lvoret steig dei inn i kyrkja, til den visse plassensin, og b\u00f8ygde seg ned til b\u00f8n. Salmesongen klang fritt og personleg eller anna som tvinga. Einast klokkaren laut dei fylgja s\u00e5 godt som r\u00e5d var. Og med von og tr\u00f8yst f\u00f4r dei heimatt etter Gudstenesta. Dei hadde f\u00e5tt talea med mange fra andre grender. Det var sm\u00e5tt med aviser, s\u00e5 det kom vel med \u00e5 f\u00e5 tala med folk. Det var ein hugnad \u00e5 sj\u00e5 alle kyrkjeb\u00e5tane ein sumardag.&raquo; (Fra Erfjord Bygdebok av M. V\u00e5ge, 1959).<\/em><\/p>\n<p>&nbsp;<\/p>\n<p><span style=\"color: #333333;\">I 1913 ble Erfjord eget herad, utskilt fra Jelsa. Inntil 1913 var det alts\u00e5 felles heradstyre for Jelsa og Erfjord. \u00d8sten Kilane var medlem i det felles heradstyret i to perioder, fra 1860 <em>[2]<\/em>:<\/span><\/p>\n<p><span style=\"color: #333333;\"><a style=\"color: #333333;\" href=\"https:\/\/ww2.fjeldskaar.com\/wp-content\/uploads\/2020\/07\/unnamed.jpg\"><img loading=\"lazy\" decoding=\"async\" class=\"aligncenter\" src=\"https:\/\/ww2.fjeldskaar.com\/wp-content\/uploads\/2020\/07\/unnamed.jpg\" alt=\"\" width=\"619\" height=\"112\" \/><\/a><\/span><\/p>\n<p><span style=\"color: #f7efd0;\">.<\/span><\/p>\n<p><a href=\"https:\/\/www.kilane-slekt.net\/wp-content\/uploads\/2021\/04\/karichart.png\"><img loading=\"lazy\" decoding=\"async\" class=\"aligncenter wp-image-8146\" src=\"https:\/\/www.kilane-slekt.net\/wp-content\/uploads\/2021\/04\/karichart-300x237.png\" alt=\"\" width=\"650\" height=\"513\" srcset=\"https:\/\/www.kilane-slekt.net\/wp-content\/uploads\/2021\/04\/karichart-300x237.png 300w, https:\/\/www.kilane-slekt.net\/wp-content\/uploads\/2021\/04\/karichart-1024x807.png 1024w, https:\/\/www.kilane-slekt.net\/wp-content\/uploads\/2021\/04\/karichart-768x606.png 768w, https:\/\/www.kilane-slekt.net\/wp-content\/uploads\/2021\/04\/karichart-1536x1211.png 1536w, https:\/\/www.kilane-slekt.net\/wp-content\/uploads\/2021\/04\/karichart-2048x1615.png 2048w\" sizes=\"auto, (max-width: 650px) 100vw, 650px\" \/><\/a><\/p>\n<p style=\"text-align: center;\"><em>Kari og \u00d8stens barn og svigerbarn (trykk for \u00e5 se st\u00f8rre bilde); design fra &laquo;Familysearch&raquo;.<\/em><\/p>\n<p><a href=\"https:\/\/www.kilane-slekt.net\/wp-content\/uploads\/2023\/02\/output-onlinepngtools-2023-02-02T214554.895.png\"><img loading=\"lazy\" decoding=\"async\" class=\"aligncenter wp-image-8723\" src=\"https:\/\/www.kilane-slekt.net\/wp-content\/uploads\/2023\/02\/output-onlinepngtools-2023-02-02T214554.895-204x300.png\" alt=\"\" width=\"400\" height=\"588\" srcset=\"https:\/\/www.kilane-slekt.net\/wp-content\/uploads\/2023\/02\/output-onlinepngtools-2023-02-02T214554.895-204x300.png 204w, https:\/\/www.kilane-slekt.net\/wp-content\/uploads\/2023\/02\/output-onlinepngtools-2023-02-02T214554.895-697x1024.png 697w, https:\/\/www.kilane-slekt.net\/wp-content\/uploads\/2023\/02\/output-onlinepngtools-2023-02-02T214554.895-768x1128.png 768w, https:\/\/www.kilane-slekt.net\/wp-content\/uploads\/2023\/02\/output-onlinepngtools-2023-02-02T214554.895-8x12.png 8w, https:\/\/www.kilane-slekt.net\/wp-content\/uploads\/2023\/02\/output-onlinepngtools-2023-02-02T214554.895.png 919w\" sizes=\"auto, (max-width: 400px) 100vw, 400px\" \/><\/a><\/p>\n<p style=\"text-align: center;\"><em>\u00d8sten og Kari (trykk for \u00e5 se st\u00f8rre bilde)<\/em><\/p>\n<p>&nbsp;<\/p>\n<p>&nbsp;<\/p>\n<p style=\"text-align: center;\"><span style=\"color: #333333;\"><a style=\"color: #333333;\" href=\"https:\/\/ww2.fjeldskaar.com\/wp-content\/uploads\/2020\/08\/2020-08-01-0001-scaled.jpg\"><img loading=\"lazy\" decoding=\"async\" src=\"https:\/\/ww2.fjeldskaar.com\/wp-content\/uploads\/2020\/08\/2020-08-01-0001-scaled.jpg\" alt=\"\" width=\"411\" height=\"581\" \/><\/a><\/span><br \/>\n<em><span style=\"color: #333333;\">Kari (?) p\u00e5 sine eldre dager<\/span><\/em><\/p>\n<p style=\"text-align: center;\"><span style=\"color: #333333;\"><a style=\"color: #333333;\" href=\"https:\/\/ww2.fjeldskaar.com\/wp-content\/uploads\/2020\/07\/19.jpg\"><img loading=\"lazy\" decoding=\"async\" src=\"https:\/\/ww2.fjeldskaar.com\/wp-content\/uploads\/2020\/07\/19.jpg\" alt=\"\" width=\"300\" height=\"400\" \/> \u00a0 <\/a><em>Gravst\u00f8tten til Kari Jonsdtr Kilane<\/em><\/span><\/p>\n<p style=\"text-align: justify;\"><em><span style=\"color: #333333;\">.<\/span><\/em><\/p>\n<p style=\"text-align: right;\"><span style=\"font-size: 10pt;\"><a href=\"https:\/\/www.kilane-slekt.net\/kilane-2\/osten-og-karis-barn\/\"><span style=\"color: #ccaa7a;\"><span style=\"font-family: 'book antiqua', palatino;\">&gt; g\u00e5 til \u00d8stens og Karis<\/span><\/span><span style=\"color: #ccaa7a;\"><span style=\"font-family: 'book antiqua', palatino;\">\u00a0barn<\/span><\/span><\/a><\/span><\/p>\n<p style=\"text-align: justify;\"><em><span style=\"color: #808080;\"><strong>Referanse<\/strong><\/span><br \/>\n<span style=\"color: #808080;\">[1] Erfjord Gardar og Folk II, av Ernst B. Drange (2004)<\/span><br \/>\n<span style=\"color: #808080;\">[2] Erfjord Bygdebok. V\u00e5ge (1959)<\/span><\/em><\/p>\n<p>&nbsp;<\/p>\n<div class=\"pdfprnt-buttons pdfprnt-buttons-page pdfprnt-bottom-right\"><a href=\"https:\/\/www.kilane-slekt.net\/nb_no\/wp-json\/wp\/v2\/pages\/8127?print=print\" class=\"pdfprnt-button pdfprnt-button-print\" target=\"_blank\"><img decoding=\"async\" src=\"https:\/\/www.kilane-slekt.net\/wp-content\/plugins\/pdf-print\/images\/print.png\" alt=\"image_print\" title=\"Print Content\" \/><span class=\"pdfprnt-button-title pdfprnt-button-print-title\">print<\/span><\/a><\/div>","protected":false},"excerpt":{"rendered":"<p>&lt; g\u00e5 til Kari og \u00d8stens\u00a0aner\u00a0 \u00a0 \u00a0 \u00a0 \u00a0 \u00a0 \u00a0 \u00a0 \u00a0 \u00a0 \u00a0 \u00a0 \u00a0 \u00a0 \u00a0 \u00a0 \u00a0 \u00a0 \u00a0 \u00a0 \u00a0 \u00a0 \u00a0 \u00a0 \u00a0 \u00a0 \u00a0 \u00a0 \u00a0 \u00a0 \u00a0 \u00a0 \u00a0 \u00a0 \u00a0 \u00a0 \u00a0 \u00a0 \u00a0 \u00a0 \u00a0 \u00a0 \u00a0 \u00a0 \u00a0 \u00a0 \u00a0 \u00a0 \u00a0 \u00a0 [&hellip;]<\/p>\n","protected":false},"author":1,"featured_media":0,"parent":2595,"menu_order":0,"comment_status":"closed","ping_status":"closed","template":"no_sidebar.php","meta":{"footnotes":""},"class_list":["post-8127","page","type-page","status-publish","hentry"],"jetpack_sharing_enabled":true,"_links":{"self":[{"href":"https:\/\/www.kilane-slekt.net\/nb_no\/wp-json\/wp\/v2\/pages\/8127","targetHints":{"allow":["GET"]}}],"collection":[{"href":"https:\/\/www.kilane-slekt.net\/nb_no\/wp-json\/wp\/v2\/pages"}],"about":[{"href":"https:\/\/www.kilane-slekt.net\/nb_no\/wp-json\/wp\/v2\/types\/page"}],"author":[{"embeddable":true,"href":"https:\/\/www.kilane-slekt.net\/nb_no\/wp-json\/wp\/v2\/users\/1"}],"replies":[{"embeddable":true,"href":"https:\/\/www.kilane-slekt.net\/nb_no\/wp-json\/wp\/v2\/comments?post=8127"}],"version-history":[{"count":69,"href":"https:\/\/www.kilane-slekt.net\/nb_no\/wp-json\/wp\/v2\/pages\/8127\/revisions"}],"predecessor-version":[{"id":9011,"href":"https:\/\/www.kilane-slekt.net\/nb_no\/wp-json\/wp\/v2\/pages\/8127\/revisions\/9011"}],"up":[{"embeddable":true,"href":"https:\/\/www.kilane-slekt.net\/nb_no\/wp-json\/wp\/v2\/pages\/2595"}],"wp:attachment":[{"href":"https:\/\/www.kilane-slekt.net\/nb_no\/wp-json\/wp\/v2\/media?parent=8127"}],"curies":[{"name":"wp","href":"https:\/\/api.w.org\/{rel}","templated":true}]}}